{"id":7303,"date":"2026-02-18T15:38:50","date_gmt":"2026-02-18T15:38:50","guid":{"rendered":"https:\/\/www.w-room.eu\/?page_id=7303"},"modified":"2026-04-09T14:30:58","modified_gmt":"2026-04-09T14:30:58","slug":"celovita-digitalizacija-poslovnih-procesov-podjetja-workroom-plastic-d-o-o","status":"publish","type":"page","link":"https:\/\/www.w-room.eu\/sl\/celovita-digitalizacija-poslovnih-procesov-podjetja-workroom-plastic-d-o-o\/","title":{"rendered":"Celovita digitalizacija poslovnih procesov podjetja Workroom Plastic d.o.o."},"content":{"rendered":"<div data-elementor-type=\"wp-page\" data-elementor-id=\"7303\" class=\"elementor elementor-7303\">\n\t\t\t\t\t\t<section class=\"elementor-section elementor-top-section elementor-element elementor-element-827bd74 elementor-section-boxed elementor-section-height-default elementor-section-height-default\" data-id=\"827bd74\" data-element_type=\"section\">\n\t\t\t\t\t\t<div class=\"elementor-container elementor-column-gap-default\">\n\t\t\t\t\t<div class=\"elementor-column elementor-col-100 elementor-top-column elementor-element elementor-element-e7e8965\" data-id=\"e7e8965\" data-element_type=\"column\">\n\t\t\t<div class=\"elementor-widget-wrap elementor-element-populated\">\n\t\t\t\t\t\t<div class=\"elementor-element elementor-element-b11f0d1 elementor-widget elementor-widget-spacer\" data-id=\"b11f0d1\" data-element_type=\"widget\" data-widget_type=\"spacer.default\">\n\t\t\t\t<div class=\"elementor-widget-container\">\n\t\t\t\t\t\t\t<div class=\"elementor-spacer\">\n\t\t\t<div class=\"elementor-spacer-inner\"><\/div>\n\t\t<\/div>\n\t\t\t\t\t\t<\/div>\n\t\t\t\t<\/div>\n\t\t\t\t<div class=\"elementor-element elementor-element-85e5222 elementor-widget elementor-widget-text-editor\" data-id=\"85e5222\" data-element_type=\"widget\" data-widget_type=\"text-editor.default\">\n\t\t\t\t<div class=\"elementor-widget-container\">\n\t\t\t\t\t\t\t\t\t<div class=\"message__5126c cozyMessage__5126c wrapper_c19a55 cozy_c19a55 zalgo_c19a55\" tabindex=\"-1\" role=\"article\" data-list-item-id=\"chat-messages___chat-messages-1341020581528604723-1473574642253037620\" aria-setsize=\"-1\" aria-roledescription=\"Message\" aria-labelledby=\"message-username-1473574521264148536 uid_1 message-content-1473574642253037620 uid_2 message-timestamp-1473574642253037620\"><div class=\"contents_c19a55\"><div id=\"message-content-1473574642253037620\" class=\"markup__75297 messageContent_c19a55\"><strong>Naziv nalo\u017ebe:<\/strong> Celovita digitalizacija poslovnih procesov podjetja Workroom Plastic d.o.o.<\/div><div>\u00a0<\/div><div class=\"markup__75297 messageContent_c19a55\">Nalo\u017eba je bila izbrana za sofinanciranje v okviru javnega razpisa za <strong>spodbujanje digitalne preobrazbe podjetij. <b>Skupna vrednost projekta zna\u0161a 226.159,70 EUR, pri \u010demer nepovratna sredstva iz naslova EU-financiranja zna\u0161ajo 61.795,36 EUR.<\/b><\/strong><\/div><div>\u00a0<\/div><div class=\"markup__75297 messageContent_c19a55\"><strong> Glavni namen nalo\u017ebe:<\/strong><\/div><div class=\"markup__75297 messageContent_c19a55\">Projekt obsega celovito digitalno preobrazbo podjetja Workroom Plastic d.o.o., ki vklju\u010duje uvedbo sodobnih ERP in MES re\u0161itev, digitalno podporo upravljanju procesov ter vzpostavitev zanesljive in varne informacijske infrastrukture. Izvedeni ukrepi bodo prispevali k ve\u010dji avtomatizaciji in optimizaciji delovnih procesov, izbolj\u0161ani sledljivosti, hitrej\u0161emu pretoku informacij, ve\u010dji odzivnosti ter vi\u0161ji operativni u\u010dinkovitosti. Digitalna preobrazba bo podjetju omogo\u010dila bolj prilagodljivo, konkuren\u010dno in dolgoro\u010dno stabilno poslovanje.<\/div><div>\u00a0<\/div><div class=\"markup__75297 messageContent_c19a55\"><strong>Cilji nalo\u017ebe so:<\/strong> pove\u010danje u\u010dinkovitosti poslovanja, izbolj\u0161anje sledljivosti procesov, razvoj digitalnih kompetenc zaposlenih, krepitev informacijske in kibernetske varnosti ter dvig konkuren\u010dnosti podjetja.<\/div><div>\u00a0<\/div><div class=\"markup__75297 messageContent_c19a55\">Operacijo financira Evropska unija, in sicer iz Evropskega sklada za regionalni razvoj.<\/div><div>Ve\u010d informacij je na voljo na spletni strani:\u00a0<a href=\"http:\/\/www.evropskasredstva.si\/\" target=\"_blank\" rel=\"noopener noreferrer\">www.evropskasredstva.si<\/a><\/div><\/div><\/div>\t\t\t\t\t\t\t\t<\/div>\n\t\t\t\t<\/div>\n\t\t\t\t<div class=\"elementor-element elementor-element-0747359 elementor-widget elementor-widget-image-gallery\" data-id=\"0747359\" data-element_type=\"widget\" data-widget_type=\"image-gallery.default\">\n\t\t\t\t<div class=\"elementor-widget-container\">\n\t\t\t\t\t\t\t<div class=\"elementor-image-gallery\">\n\t\t\t<div id='gallery-1' class='gallery galleryid-7303 gallery-columns-4 gallery-size-full'><figure class='gallery-item'><div class='gallery-item-box'>\n\t\t\t<div class='gallery-icon landscape'>\n\t\t\t\t<a data-elementor-open-lightbox=\"yes\" data-elementor-lightbox-slideshow=\"0747359\" data-elementor-lightbox-title=\"SL_Co-fundedbytheEU_RGB_POS\" data-e-action-hash=\"#elementor-action%3Aaction%3Dlightbox%26settings%3DeyJpZCI6NzI2MywidXJsIjoiaHR0cHM6XC9cL3d3dy53LXJvb20uZXVcL3dwLWNvbnRlbnRcL3VwbG9hZHNcLzIwMjZcLzAyXC9TTF9Dby1mdW5kZWRieXRoZUVVX1JHQl9QT1Mtc2NhbGVkLnBuZyIsInNsaWRlc2hvdyI6IjA3NDczNTkifQ%3D%3D\" href='https:\/\/www.w-room.eu\/wp-content\/uploads\/2026\/02\/SL_Co-fundedbytheEU_RGB_POS-scaled.png'><img fetchpriority=\"high\" decoding=\"async\" width=\"2560\" height=\"674\" src=\"https:\/\/www.w-room.eu\/wp-content\/uploads\/2026\/02\/SL_Co-fundedbytheEU_RGB_POS-scaled.png\" class=\"attachment-full size-full\" alt=\"\" srcset=\"https:\/\/www.w-room.eu\/wp-content\/uploads\/2026\/02\/SL_Co-fundedbytheEU_RGB_POS-scaled.png 2560w, https:\/\/www.w-room.eu\/wp-content\/uploads\/2026\/02\/SL_Co-fundedbytheEU_RGB_POS-2048x540.png 2048w, https:\/\/www.w-room.eu\/wp-content\/uploads\/2026\/02\/SL_Co-fundedbytheEU_RGB_POS-18x5.png 18w\" sizes=\"(max-width: 2560px) 100vw, 2560px\" \/><\/a>\n\t\t\t<\/div><\/div><\/figure><figure class='gallery-item'><div class='gallery-item-box'>\n\t\t\t<div class='gallery-icon landscape'>\n\t\t\t\t<a data-elementor-open-lightbox=\"yes\" data-elementor-lightbox-slideshow=\"0747359\" data-elementor-lightbox-title=\"IFEEL_1\" data-e-action-hash=\"#elementor-action%3Aaction%3Dlightbox%26settings%3DeyJpZCI6NzI2MiwidXJsIjoiaHR0cHM6XC9cL3d3dy53LXJvb20uZXVcL3dwLWNvbnRlbnRcL3VwbG9hZHNcLzIwMjZcLzAyXC9JRkVFTF8xLWUxNzcxNDMwMDU0ODI1LnBuZyIsInNsaWRlc2hvdyI6IjA3NDczNTkifQ%3D%3D\" href='https:\/\/www.w-room.eu\/wp-content\/uploads\/2026\/02\/IFEEL_1-e1771430054825.png'><img decoding=\"async\" width=\"552\" height=\"273\" src=\"https:\/\/www.w-room.eu\/wp-content\/uploads\/2026\/02\/IFEEL_1-e1771430054825.png\" class=\"attachment-full size-full\" alt=\"\" srcset=\"https:\/\/www.w-room.eu\/wp-content\/uploads\/2026\/02\/IFEEL_1-e1771430054825.png 552w, https:\/\/www.w-room.eu\/wp-content\/uploads\/2026\/02\/IFEEL_1-e1771430054825-18x9.png 18w\" sizes=\"(max-width: 552px) 100vw, 552px\" \/><\/a>\n\t\t\t<\/div><\/div><\/figure><figure class='gallery-item'><div class='gallery-item-box'>\n\t\t\t<div class='gallery-icon landscape'>\n\t\t\t\t<a data-elementor-open-lightbox=\"yes\" data-elementor-lightbox-slideshow=\"0747359\" data-elementor-lightbox-title=\"Bez-naslova\" data-e-action-hash=\"#elementor-action%3Aaction%3Dlightbox%26settings%3DeyJpZCI6NzI2NCwidXJsIjoiaHR0cHM6XC9cL3d3dy53LXJvb20uZXVcL3dwLWNvbnRlbnRcL3VwbG9hZHNcLzIwMjZcLzAyXC9CZXotbmFzbG92YS5wbmciLCJzbGlkZXNob3ciOiIwNzQ3MzU5In0%3D\" href='https:\/\/www.w-room.eu\/wp-content\/uploads\/2026\/02\/Bez-naslova.png'><img decoding=\"async\" width=\"1252\" height=\"458\" src=\"https:\/\/www.w-room.eu\/wp-content\/uploads\/2026\/02\/Bez-naslova.png\" class=\"attachment-full size-full\" alt=\"\" srcset=\"https:\/\/www.w-room.eu\/wp-content\/uploads\/2026\/02\/Bez-naslova.png 1252w, https:\/\/www.w-room.eu\/wp-content\/uploads\/2026\/02\/Bez-naslova-18x7.png 18w\" sizes=\"(max-width: 1252px) 100vw, 1252px\" \/><\/a>\n\t\t\t<\/div><\/div><\/figure>\n\t\t<\/div>\n\t\t<\/div>\n\t\t\t\t\t\t<\/div>\n\t\t\t\t<\/div>\n\t\t\t\t\t<\/div>\n\t\t<\/div>\n\t\t\t\t\t<\/div>\n\t\t<\/section>\n\t\t\t\t<section class=\"elementor-section elementor-top-section elementor-element elementor-element-154a605 elementor-section-stretched before-footer-section elementor-section-boxed elementor-section-height-default elementor-section-height-default\" data-id=\"154a605\" data-element_type=\"section\" data-settings=\"{&quot;stretch_section&quot;:&quot;section-stretched&quot;}\">\n\t\t\t\t\t\t<div class=\"elementor-container elementor-column-gap-default\">\n\t\t\t\t\t<div class=\"elementor-column elementor-col-33 elementor-top-column elementor-element elementor-element-6323a8c\" data-id=\"6323a8c\" data-element_type=\"column\">\n\t\t\t<div class=\"elementor-widget-wrap elementor-element-populated\">\n\t\t\t\t\t\t<div class=\"elementor-element elementor-element-e3f8f1f elementor-widget elementor-widget-heading\" data-id=\"e3f8f1f\" data-element_type=\"widget\" data-widget_type=\"heading.default\">\n\t\t\t\t<div class=\"elementor-widget-container\">\n\t\t\t\t\t<h2 class=\"elementor-heading-title elementor-size-default translation-block\">Stopi v <em>stik<\/em><\/h2>\t\t\t\t<\/div>\n\t\t\t\t<\/div>\n\t\t\t\t<div class=\"elementor-element elementor-element-e2be27a elementor-widget__width-initial elementor-widget elementor-widget-text-editor\" data-id=\"e2be27a\" data-element_type=\"widget\" data-widget_type=\"text-editor.default\">\n\t\t\t\t<div class=\"elementor-widget-container\">\n\t\t\t\t\t\t\t\t\t<p>Ne glede na to, ali imate vpra\u0161anja, potrebujete ve\u010d informacij ali ste pripravljeni za\u010deti projekt, se obrnite na nas. Tukaj smo, da vam pomagamo.<\/p>\t\t\t\t\t\t\t\t<\/div>\n\t\t\t\t<\/div>\n\t\t\t\t<section class=\"elementor-section elementor-inner-section elementor-element elementor-element-0c76ddc elementor-section-boxed elementor-section-height-default elementor-section-height-default\" data-id=\"0c76ddc\" data-element_type=\"section\">\n\t\t\t\t\t\t<div class=\"elementor-container elementor-column-gap-no\">\n\t\t\t\t\t<div class=\"elementor-column elementor-col-50 elementor-inner-column elementor-element elementor-element-3f0e238\" data-id=\"3f0e238\" data-element_type=\"column\">\n\t\t\t<div class=\"elementor-widget-wrap elementor-element-populated\">\n\t\t\t\t\t\t<div class=\"elementor-element elementor-element-4e2ddbf elementor-widget elementor-widget-text-editor\" data-id=\"4e2ddbf\" data-element_type=\"widget\" data-widget_type=\"text-editor.default\">\n\t\t\t\t<div class=\"elementor-widget-container\">\n\t\t\t\t\t\t\t\t\t<h6><strong>Workroom<\/strong><\/h6>\t\t\t\t\t\t\t\t<\/div>\n\t\t\t\t<\/div>\n\t\t\t\t<div class=\"elementor-element elementor-element-2b3eb4b elementor-widget elementor-widget-text-editor\" data-id=\"2b3eb4b\" data-element_type=\"widget\" data-widget_type=\"text-editor.default\">\n\t\t\t\t<div class=\"elementor-widget-container\">\n\t\t\t\t\t\t\t\t\tPolica 37,<br>\n4202 Naklo, Slovenija\t\t\t\t\t\t\t\t<\/div>\n\t\t\t\t<\/div>\n\t\t\t\t\t<\/div>\n\t\t<\/div>\n\t\t\t\t<div class=\"elementor-column elementor-col-50 elementor-inner-column elementor-element elementor-element-db2872b\" data-id=\"db2872b\" data-element_type=\"column\">\n\t\t\t<div class=\"elementor-widget-wrap elementor-element-populated\">\n\t\t\t\t\t\t<div class=\"elementor-element elementor-element-0cdd68f elementor-widget elementor-widget-text-editor\" data-id=\"0cdd68f\" data-element_type=\"widget\" data-widget_type=\"text-editor.default\">\n\t\t\t\t<div class=\"elementor-widget-container\">\n\t\t\t\t\t\t\t\t\t<h6>Email<\/h6>\t\t\t\t\t\t\t\t<\/div>\n\t\t\t\t<\/div>\n\t\t\t\t<div class=\"elementor-element elementor-element-e70c9f2 elementor-widget elementor-widget-text-editor\" data-id=\"e70c9f2\" data-element_type=\"widget\" data-widget_type=\"text-editor.default\">\n\t\t\t\t<div class=\"elementor-widget-container\">\n\t\t\t\t\t\t\t\t\t<p><a href=\"mailto:info@w-room.eu\">info@w-room.eu<\/a><\/p>\t\t\t\t\t\t\t\t<\/div>\n\t\t\t\t<\/div>\n\t\t\t\t\t<\/div>\n\t\t<\/div>\n\t\t\t\t\t<\/div>\n\t\t<\/section>\n\t\t\t\t\t<\/div>\n\t\t<\/div>\n\t\t\t\t<div class=\"elementor-column elementor-col-33 elementor-top-column elementor-element elementor-element-b369385 elementor-hidden-tablet_extra elementor-hidden-tablet elementor-hidden-mobile_extra elementor-hidden-mobile elementor-hidden-laptop\" data-id=\"b369385\" data-element_type=\"column\">\n\t\t\t<div class=\"elementor-widget-wrap\">\n\t\t\t\t\t\t\t<\/div>\n\t\t<\/div>\n\t\t\t\t<div class=\"elementor-column elementor-col-33 elementor-top-column elementor-element elementor-element-5d949d4\" data-id=\"5d949d4\" data-element_type=\"column\">\n\t\t\t<div class=\"elementor-widget-wrap elementor-element-populated\">\n\t\t\t\t\t\t<div class=\"elementor-element elementor-element-b4205f0 elementor-widget elementor-widget-agencium_wpforms\" data-id=\"b4205f0\" data-element_type=\"widget\" data-widget_type=\"agencium_wpforms.default\">\n\t\t\t\t<div class=\"elementor-widget-container\">\n\t\t\t\t\t        <div class=\"agencium-wpforms-widget\">\n            <h5 class=\"wpforms-widget-heading agencium-heading\"><span class=\"agencium-heading-content\">Po\u0161ljite sporo\u010dilo<\/span><\/h5><div class=\"wpforms-container wpforms-render-modern\" id=\"wpforms-6021\"><form id=\"wpforms-form-6021\" class=\"wpforms-validate wpforms-form wpforms-ajax-form\" data-formid=\"6021\" method=\"post\" enctype=\"multipart\/form-data\" action=\"\/sl\/wp-json\/wp\/v2\/pages\/7303\" data-token=\"1df1ccca12a839dd9cb1f364ca0c0ba2\" data-token-time=\"1778981604\" data-trp-original-action=\"\/sl\/wp-json\/wp\/v2\/pages\/7303\"><noscript class=\"wpforms-error-noscript\">Please enable JavaScript in your browser to complete this form.<\/noscript><div id=\"wpforms-error-noscript\" style=\"display: none;\">Please enable JavaScript in your browser to complete this form.<\/div><div class=\"wpforms-field-container\"><div id=\"wpforms-6021-field_1-container\" class=\"wpforms-field wpforms-field-name\" data-field-id=\"1\"><div class=\"wpforms-field-wrapper agencium-form-field\"><label class=\"wpforms-field-label\" for=\"wpforms-6021-field_1\">Ime in priimek <span class=\"wpforms-required-label\" aria-hidden=\"true\">*<\/span><\/label><input type=\"text\" id=\"wpforms-6021-field_1\" class=\"wpforms-field-large wpforms-field-required\" name=\"wpforms[fields][1]\" aria-errormessage=\"wpforms-6021-field_1-error\" required><\/div><\/div><div id=\"wpforms-6021-field_2-container\" class=\"wpforms-field wpforms-field-email\" data-field-id=\"2\"><div class=\"wpforms-field-wrapper agencium-form-field\"><label class=\"wpforms-field-label\" for=\"wpforms-6021-field_2\">Email <span class=\"wpforms-required-label\" aria-hidden=\"true\">*<\/span><\/label><input type=\"email\" id=\"wpforms-6021-field_2\" class=\"wpforms-field-large wpforms-field-required\" name=\"wpforms[fields][2]\" spellcheck=\"false\" aria-errormessage=\"wpforms-6021-field_2-error\" required><\/div><\/div><div id=\"wpforms-6021-field_4-container\" class=\"wpforms-field wpforms-field-textarea\" data-field-id=\"4\"><div class=\"wpforms-field-wrapper agencium-form-field\"><label class=\"wpforms-field-label\" for=\"wpforms-6021-field_4\">Sporo\u010dilo<\/label><textarea id=\"wpforms-6021-field_4\" class=\"wpforms-field-medium\" name=\"wpforms[fields][4]\" aria-errormessage=\"wpforms-6021-field_4-error\" ><\/textarea><\/div><\/div><\/div><!-- .wpforms-field-container --><div class=\"wpforms-submit-container\" ><input type=\"hidden\" name=\"wpforms[id]\" value=\"6021\"><input type=\"hidden\" name=\"page_title\" value=\"\"><input type=\"hidden\" name=\"page_url\" value=\"https:\/\/www.w-room.eu\/sl\/wp-json\/wp\/v2\/pages\/7303\"><input type=\"hidden\" name=\"url_referer\" value=\"\"><button type=\"submit\" name=\"wpforms[submit]\" id=\"wpforms-submit-6021\" class=\"wpforms-submit agencium-alter-button\" data-alt-text=\"Sending...\" data-submit-text=\"Send message\" aria-live=\"assertive\" value=\"wpforms-submit\">Po\u0161ljite sporo\u010dilo<svg viewbox=\"0 0 13 20\"><polyline points=\"0.5 19.5 3 19.5 12.5 10 3 0.5\"><\/polyline><\/svg><\/button><\/button><img loading=\"lazy\" decoding=\"async\" src=\"https:\/\/www.w-room.eu\/wp-content\/plugins\/wpforms-lite\/assets\/images\/submit-spin.svg\" class=\"wpforms-submit-spinner\" style=\"display: none;\" width=\"26\" height=\"26\" alt=\"Loading\"><\/div><input type=\"hidden\" name=\"trp-form-language\" value=\"sl\"\/><\/form><\/div>  <!-- .wpforms-container -->        <\/div>\n        \t\t\t\t<\/div>\n\t\t\t\t<\/div>\n\t\t\t\t\t<\/div>\n\t\t<\/div>\n\t\t\t\t\t<\/div>\n\t\t<\/section>\n\t\t\t\t<section class=\"elementor-section elementor-top-section elementor-element elementor-element-3613529 elementor-section-stretched before-footer-section elementor-section-boxed elementor-section-height-default elementor-section-height-default\" data-id=\"3613529\" data-element_type=\"section\" data-settings=\"{&quot;stretch_section&quot;:&quot;section-stretched&quot;}\">\n\t\t\t\t\t\t<div class=\"elementor-container elementor-column-gap-default\">\n\t\t\t\t\t<div class=\"elementor-column elementor-col-25 elementor-top-column elementor-element elementor-element-3c3f70d\" data-id=\"3c3f70d\" data-element_type=\"column\">\n\t\t\t<div class=\"elementor-widget-wrap elementor-element-populated\">\n\t\t\t\t\t\t<div class=\"elementor-element elementor-element-60c00cd elementor-widget__width-initial elementor-widget elementor-widget-text-editor\" data-id=\"60c00cd\" data-element_type=\"widget\" data-widget_type=\"text-editor.default\">\n\t\t\t\t<div class=\"elementor-widget-container\">\n\t\t\t\t\t\t\t\t\t<p>Naziv nalo\u017ebe: Celovita digitalizacija poslovnih procesov podjetja Workroom Plastic d.o.o.<\/p><p>Operacijo financira Evropska unija, in sicer iz Evropskega sklada za regionalni razvoj.<br \/>Ve\u010d informacij je na voljo na spletni strani:\u00a0<a href=\"http:\/\/www.evropskasredstva.si\/\" target=\"_blank\" rel=\"noopener noreferrer\">www.evropskasredstva.si<\/a><\/p>\t\t\t\t\t\t\t\t<\/div>\n\t\t\t\t<\/div>\n\t\t\t\t\t<\/div>\n\t\t<\/div>\n\t\t\t\t<div class=\"elementor-column elementor-col-50 elementor-top-column elementor-element elementor-element-a940d9e elementor-hidden-tablet_extra elementor-hidden-tablet elementor-hidden-mobile_extra elementor-hidden-mobile elementor-hidden-laptop\" data-id=\"a940d9e\" data-element_type=\"column\">\n\t\t\t<div class=\"elementor-widget-wrap\">\n\t\t\t\t\t\t\t<\/div>\n\t\t<\/div>\n\t\t\t\t<div class=\"elementor-column elementor-col-25 elementor-top-column elementor-element elementor-element-29aeffc\" data-id=\"29aeffc\" data-element_type=\"column\">\n\t\t\t<div class=\"elementor-widget-wrap elementor-element-populated\">\n\t\t\t\t\t\t<div class=\"elementor-element elementor-element-5113a9a elementor-widget__width-initial elementor-widget elementor-widget-html\" data-id=\"5113a9a\" data-element_type=\"widget\" data-widget_type=\"html.default\">\n\t\t\t\t<div class=\"elementor-widget-container\">\n\t\t\t\t\t<style>\r\n#footer-galery {\r\n    display: flex;\r\n    width: 100%;\r\n    gap: 0; \/* no gaps *\/\r\n}\r\n\r\n#footer-galery a {\r\n    flex: 1; \/* each takes equal width *\/\r\n    display: flex;\r\n    justify-content: center;\r\n    align-items: center;\r\n    padding: 10px;\r\n}\r\n\r\n#footer-galery img {\r\n    width: 100%;\r\n    height: 70px; \/* control row height *\/\r\n    object-fit: contain;\r\n    transition: opacity 0.3s ease;\r\n}\r\n\r\n#footer-galery a:hover img {\r\n    opacity: 0.8;\r\n}\r\n\r\n\/* Stack on phone *\/\r\n@media (max-width: 767px) {\r\n    #footer-galery {\r\n        flex-wrap: wrap;\r\n    }\r\n\r\n    #footer-galery a {\r\n        flex: 0 0 100%;\r\n    }\r\n}\r\n<\/style>\r\n\r\n<div id=\"footer-galery\">\r\n    <a href=\"https:\/\/your-link.com\" target=\"_blank\">\r\n        <img decoding=\"async\" src=\"https:\/\/www.w-room.eu\/wp-content\/uploads\/2026\/02\/Bez-naslova.png\" alt=\"\">\r\n    <\/a>\r\n    <a href=\"https:\/\/your-link.com\" target=\"_blank\">\r\n        <img decoding=\"async\" src=\"https:\/\/www.w-room.eu\/wp-content\/uploads\/2026\/02\/SL_Co-fundedbytheEU_RGB_POS-scaled.png\" alt=\"\">\r\n    <\/a>\r\n    <a href=\"https:\/\/your-link.com\" target=\"_blank\">\r\n        <img decoding=\"async\" src=\"https:\/\/www.w-room.eu\/wp-content\/uploads\/2026\/02\/IFEEL_1-e1771430054825.png\" alt=\"\">\r\n    <\/a>\r\n<\/div>\r\n\t\t\t\t<\/div>\n\t\t\t\t<\/div>\n\t\t\t\t\t<\/div>\n\t\t<\/div>\n\t\t\t\t\t<\/div>\n\t\t<\/section>\n\t\t\t\t<\/div>","protected":false},"excerpt":{"rendered":"<p>Naziv nalo\u017ebe: Celovita digitalizacija poslovnih procesov podjetja Workroom Plastic d.o.o.\u00a0Nalo\u017eba je bila izbrana za sofinanciranje v okviru javnega razpisa za spodbujanje digitalne preobrazbe podjetij. Skupna vrednost projekta zna\u0161a 226.159,70 EUR, pri \u010demer nepovratna sredstva iz naslova EU-financiranja zna\u0161ajo 61.795,36 EUR.\u00a0 Glavni&#8230;<\/p>","protected":false},"author":1,"featured_media":0,"parent":0,"menu_order":0,"comment_status":"closed","ping_status":"closed","template":"","meta":{"inline_featured_image":false,"footnotes":""},"class_list":["post-7303","page","type-page","status-publish","hentry"],"aioseo_notices":[],"_links":{"self":[{"href":"https:\/\/www.w-room.eu\/sl\/wp-json\/wp\/v2\/pages\/7303","targetHints":{"allow":["GET"]}}],"collection":[{"href":"https:\/\/www.w-room.eu\/sl\/wp-json\/wp\/v2\/pages"}],"about":[{"href":"https:\/\/www.w-room.eu\/sl\/wp-json\/wp\/v2\/types\/page"}],"author":[{"embeddable":true,"href":"https:\/\/www.w-room.eu\/sl\/wp-json\/wp\/v2\/users\/1"}],"replies":[{"embeddable":true,"href":"https:\/\/www.w-room.eu\/sl\/wp-json\/wp\/v2\/comments?post=7303"}],"version-history":[{"count":35,"href":"https:\/\/www.w-room.eu\/sl\/wp-json\/wp\/v2\/pages\/7303\/revisions"}],"predecessor-version":[{"id":7455,"href":"https:\/\/www.w-room.eu\/sl\/wp-json\/wp\/v2\/pages\/7303\/revisions\/7455"}],"wp:attachment":[{"href":"https:\/\/www.w-room.eu\/sl\/wp-json\/wp\/v2\/media?parent=7303"}],"curies":[{"name":"wp","href":"https:\/\/api.w.org\/{rel}","templated":true}]}}