{"id":7190,"date":"2024-12-17T16:46:56","date_gmt":"2024-12-17T16:46:56","guid":{"rendered":"https:\/\/www.w-room.eu\/?page_id=7190"},"modified":"2026-03-19T06:54:26","modified_gmt":"2026-03-19T06:54:26","slug":"cookies","status":"publish","type":"page","link":"https:\/\/www.w-room.eu\/sl\/cookies\/","title":{"rendered":"Pi\u0161kotki"},"content":{"rendered":"<div data-elementor-type=\"wp-page\" data-elementor-id=\"7190\" class=\"elementor elementor-7190\">\n\t\t\t\t\t\t<section class=\"elementor-section elementor-top-section elementor-element elementor-element-827bd74 elementor-section-boxed elementor-section-height-default elementor-section-height-default\" data-id=\"827bd74\" data-element_type=\"section\">\n\t\t\t\t\t\t<div class=\"elementor-container elementor-column-gap-default\">\n\t\t\t\t\t<div class=\"elementor-column elementor-col-100 elementor-top-column elementor-element elementor-element-e7e8965\" data-id=\"e7e8965\" data-element_type=\"column\">\n\t\t\t<div class=\"elementor-widget-wrap elementor-element-populated\">\n\t\t\t\t\t\t<div class=\"elementor-element elementor-element-85e5222 elementor-widget elementor-widget-text-editor\" data-id=\"85e5222\" data-element_type=\"widget\" data-widget_type=\"text-editor.default\">\n\t\t\t\t<div class=\"elementor-widget-container\">\n\t\t\t\t\t\t\t\t\t<p>V tem dokumentu so podane informacije o pi\u0161kotkih, ki se uporabljajo na spletni strani na naslovu <a href=\"http:\/\/www.w-room.eu\/sl\/\">www.w-room.eu<\/a>. Spletno stran upravlja dru\u017eba Workroom d.o.o., Polica 37, 4202 Naklo, Slovenija, ki je upravljavec osebnih podatkov, zbranih preko te spletne strani. Upravljavec je dosegljiv na: info@w-room.eu. Politiko bomo morda ob\u010dasno posodobili, da bi vam zagotovili ustrezne informacije o uporabi pi\u0161kotkov na spletni strani<\/p><h6>KAJ SO IN KAKO DELUJEJO PI\u0160KOTKI?<\/h6><p>Dru\u017eba na svojih straneh uporablja majhne datoteke imenovane \u00bbpi\u0161kotki\u00ab, ki shranjujejo informacije o obiskanih straneh in na\u010dinu uporabe teh strani. Pi\u0161kotki slu\u017eijo zlasti temu, da si zapomnijo pomembne informacije, kot so na primer ime stre\u017enika, ki je pi\u0161kotek zapisal ali datum izteka pi\u0161kotka. Pi\u0161kotki v nobenem primeru ne vsebujejo informacij o imenih uporabnikov.<\/p><p>Informacije se shranijo na trdi disk ali brskalnik ra\u010dunalnika, mobilnega telefona ali druge naprave v preprosto besedilno datoteko, do katere stre\u017enik dostopa za potrebe od\u010ditavanja in shranjevanja informacij v opremi uporabnika, ter za pridobivanje dostopa do podatkov v njej. Pi\u0161kotek je povezan skupaj z imenom domene (to je imenom stre\u017enika, ki ga je shranil), tako da je mo\u017eno do njega dostopiti izklju\u010dno prek zahteve tega stre\u017enika.<\/p><p>Pi\u0161kotki lahko na primer omogo\u010dajo enostavnej\u0161e pregledovanje spletne strani, pridobivanje statisti\u010dnih podatkov o pogostosti obiskov ali prikazovanje oglasov, prilagojenih uporabniku spleta.<\/p><p>Uporabnik lahko uporabo pi\u0161kotkov blokira, s tem da spremeni nastavitve svojega spletnega brskalnika. \u010ce izklopite pi\u0161kotke, so lahko nekatere funkcije spletne strani onemogo\u010dene. Tudi pri izklopu vseh pi\u0161kotkov spletni brskalnik \u0161e vedno pridobiva nekatere informacije, za katere se privolitev uporabnika spletne strani ne zahteva. Te informacije so nujno potrebne za osnovno delovanje na\u0161e spletne strani.<\/p><h6>PRAVNA PODLAGA ZA NAMESTITEV PI\u0160KOTKOV<\/h6><p>Za namestitev vseh vrst pi\u0161kotkov smo po zakonodaji dol\u017eni pridobiti va\u0161o privolitev, razen za namestitev tistih, ki so nujno potrebni in zakon dovoljuje njihovo namestitev brez va\u0161e privolitve. To so tisti pi\u0161kotki, ki so potrebni za prenos sporo\u010dila po elektronskem komunikacijskem omre\u017eju, ter tisti, ki so potrebni, da vam zagotovimo storitev, ki jo izrecno zahtevate.<\/p><p>Pravna podlaga za name\u0161\u010danje pi\u0161kotkov in obdelavo podatkov je opredeljena v Zakonu o elektronskih komunikacijah (ZEKom-2), Splo\u0161ni uredbi o varstvu podatkov (GDPR) ter vsakokrat veljavnem zakonu, ki ureja varstvo osebnih podatkov.<\/p><h6>VRSTE PI\u0160KOTKOV NA TEM SPLETNEM MESTU<\/h6><p>Na tem spletnem mestu uporabljamo slede\u010de vrste pi\u0161kotkov, glede na namen:<\/p><ul><li><strong>Obvezni pi\u0161kotki<\/strong> nam omogo\u010dijo, da vam zagotovimo storitve, po katerih povpra\u0161ujete, s tem ko uporabljate spletno stran. Prav tako nam omogo\u010dijo prenos sporo\u010dila po elektronskem komunikacijskem omre\u017eju. Brez teh pi\u0161kotkov vam ne moremo zagotoviti storitev, ki ste jih zahtevali. Ti pi\u0161kotki so samodejno omogo\u010deni in jih ni mogo\u010de onemogo\u010diti, saj so bistvenega pomena za delovanje spletne strani.<\/li><li><strong>Analiti\u010dni pi\u0161kotki<\/strong> omogo\u010dajo, da analiziramo izvedbo in izgled na\u0161e spletne strani ter zaznamo napake. Prav tako nam omogo\u010dajo izbolj\u0161anje delovanja spletne strani, s tem ko zbiramo informacije o tem, kako na\u0161i uporabniki uporabljajo spletno stran, katere spletne strani najpogosteje obiskujejo in podobno. Te pi\u0161kotke bomo namestili samo, \u010de se boste z namestitvijo strinjali, tako da kliknete na gumb za sprejem pi\u0161kotkov.<\/li><\/ul>\t\t\t\t\t\t\t\t<\/div>\n\t\t\t\t<\/div>\n\t\t\t\t<div class=\"elementor-element elementor-element-f0a9a35 elementor-widget elementor-widget-text-editor\" data-id=\"f0a9a35\" data-element_type=\"widget\" data-widget_type=\"text-editor.default\">\n\t\t\t\t<div class=\"elementor-widget-container\">\n\t\t\t\t\t\t\t\t\t<h6>SEZNAM PI\u0160KOTKOV<\/h6><div class=\"cookie_table\" tabindex=\"0\" role=\"region\"><table><thead><tr><th>Pi\u0161kotek<\/th><th>Namen<\/th><th>Trajanje<\/th><th>Ponudnik<\/th><th>Tip<\/th><\/tr><\/thead><tbody><tr><td>PH_HPXY_CHECK<\/td><td>Ta pi\u0161kotek se uporablja za varnostne namene, saj \u0161\u010diti spletno stran pred napadi z preverjanjem proxy ali po\u017earnega zidu.<\/td><td>Seja<\/td><td>w-room.eu<\/td><td>Nujni<\/td><\/tr><tr><td>cmplz_banner-status<\/td><td>Ta pi\u0161kotek bele\u017ei, ali je bilo obvestilo o pi\u0161kotkih prikazano in zavrnjeno s strani uporabnika.<\/td><td>1 leto<\/td><td>w-room.eu<\/td><td>Nujni<\/td><\/tr><tr><td>cmplz_consented_services<\/td><td>Shranjuje, katere storitve ali pi\u0161kotke je uporabnik odobril prek obvestila o pi\u0161kotkih.<\/td><td>1 leto<\/td><td>w-room.eu<\/td><td>Nujni<\/td><\/tr><tr><td>cmplz_functional<\/td><td>Shranjuje uporabnikovo soglasje za uporabo funkcionalnih pi\u0161kotkov (tistih, ki so potrebni za osnovno delovanje spletne strani).<\/td><td>1 leto<\/td><td>w-room.eu<\/td><td>Nujni<\/td><\/tr><tr><td>cmplz_marketing<\/td><td>Shranjuje uporabnikovo soglasje za uporabo pi\u0161kotkov za tr\u017eenje ali ogla\u0161evanje.<\/td><td>1 leto<\/td><td>w-room.eu<\/td><td>Nujni<\/td><\/tr><tr><td>cmplz_policy_id<\/td><td>Shranjuje uporabnikovo soglasje za uporabo pi\u0161kotkov za tr\u017eenje ali ogla\u0161evanje.<\/td><td>1 leto<\/td><td>w-room.eu<\/td><td>Nujni<\/td><\/tr><tr><td>cmplz_preferences<\/td><td>Shranjuje uporabnikovo soglasje za pi\u0161kotke, ki so povezani s preferencami, kot so jezik ali nastavitve izgleda strani.<\/td><td>1 leto<\/td><td>w-room.eu<\/td><td>Nujni<\/td><\/tr><tr><td>cmplz_statistics<\/td><td>Shranjuje uporabnikovo soglasje za analiti\u010dne ali statisti\u010dne pi\u0161kotke, ki se uporabljajo za merjenje obiska strani in vedenja uporabnikov.<\/td><td>1 leto<\/td><td>w-room.eu<\/td><td>Nujni<\/td><\/tr><tr><td>_ga<\/td><td>Pi\u0161kotek _ga se uporablja za razlikovanje posameznih uporabnikov z dodelitvijo naklju\u010dnega ID-ja, kar omogo\u010da analizo obiska strani in vedenja uporabnikov. Zbrani podatki pomagajo izbolj\u0161ati uporabni\u0161ko izku\u0161njo.<\/td><td>2 leti<\/td><td>Google Ireland Ltd<\/td><td>Analiti\u010dni<\/td><\/tr><tr><td>_ga_*<\/td><td>Pi\u0161kotki z vzorcem _ga_* se uporabljajo skupaj s pi\u0161kotkom _ga za shranjevanje specifi\u010dnih sejskih informacij. Uporablja se za dodatno analizo obiskov in interakcij na spletni strani.<\/td><td>2 leti<\/td><td>Google Ireland Ltd<\/td><td>Analiti\u010dni<\/td><\/tr><\/tbody><\/table><\/div>\t\t\t\t\t\t\t\t<\/div>\n\t\t\t\t<\/div>\n\t\t\t\t<div class=\"elementor-element elementor-element-918b24f elementor-widget elementor-widget-text-editor\" data-id=\"918b24f\" data-element_type=\"widget\" data-widget_type=\"text-editor.default\">\n\t\t\t\t<div class=\"elementor-widget-container\">\n\t\t\t\t\t\t\t\t\t<h6>PRAVICE POSAMEZNIKOV<\/h6><p>Kot uporabnik spletne strani imate pravico v okviru zakonskih omejitev od upravljavca zahtevati dostop do osebnih podatkov, popravek ali izbris osebnih podatkov ali omejitev obdelave podatkov v zvezi z vami, ter pravico do prenosljivosti podatkov. Pravico imate, da privolitev kadar koli prekli\u010dete, ne da bi to vplivalo na zakonitost obdelave podatkov pred preklicem. \u010ce menite, da se z va\u0161imi podatki ravna nezakonito, lahko vlo\u017eite prito\u017ebo pri nadzornem organu.<\/p>\t\t\t\t\t\t\t\t<\/div>\n\t\t\t\t<\/div>\n\t\t\t\t\t<\/div>\n\t\t<\/div>\n\t\t\t\t\t<\/div>\n\t\t<\/section>\n\t\t\t\t<section class=\"elementor-section elementor-top-section elementor-element elementor-element-154a605 elementor-section-stretched before-footer-section elementor-section-boxed elementor-section-height-default elementor-section-height-default\" data-id=\"154a605\" data-element_type=\"section\" data-settings=\"{&quot;stretch_section&quot;:&quot;section-stretched&quot;}\">\n\t\t\t\t\t\t<div class=\"elementor-container elementor-column-gap-default\">\n\t\t\t\t\t<div class=\"elementor-column elementor-col-33 elementor-top-column elementor-element elementor-element-6323a8c\" data-id=\"6323a8c\" data-element_type=\"column\">\n\t\t\t<div class=\"elementor-widget-wrap elementor-element-populated\">\n\t\t\t\t\t\t<div class=\"elementor-element elementor-element-e3f8f1f elementor-widget elementor-widget-heading\" data-id=\"e3f8f1f\" data-element_type=\"widget\" data-widget_type=\"heading.default\">\n\t\t\t\t<div class=\"elementor-widget-container\">\n\t\t\t\t\t<h2 class=\"elementor-heading-title elementor-size-default translation-block\">Stopi v <em>stik<\/em><\/h2>\t\t\t\t<\/div>\n\t\t\t\t<\/div>\n\t\t\t\t<div class=\"elementor-element elementor-element-e2be27a elementor-widget__width-initial elementor-widget elementor-widget-text-editor\" data-id=\"e2be27a\" data-element_type=\"widget\" data-widget_type=\"text-editor.default\">\n\t\t\t\t<div class=\"elementor-widget-container\">\n\t\t\t\t\t\t\t\t\t<p>Ne glede na to, ali imate vpra\u0161anja, potrebujete ve\u010d informacij ali ste pripravljeni za\u010deti projekt, se obrnite na nas. Tukaj smo, da vam pomagamo.<\/p>\t\t\t\t\t\t\t\t<\/div>\n\t\t\t\t<\/div>\n\t\t\t\t<section class=\"elementor-section elementor-inner-section elementor-element elementor-element-0c76ddc elementor-section-boxed elementor-section-height-default elementor-section-height-default\" data-id=\"0c76ddc\" data-element_type=\"section\">\n\t\t\t\t\t\t<div class=\"elementor-container elementor-column-gap-no\">\n\t\t\t\t\t<div class=\"elementor-column elementor-col-50 elementor-inner-column elementor-element elementor-element-3f0e238\" data-id=\"3f0e238\" data-element_type=\"column\">\n\t\t\t<div class=\"elementor-widget-wrap elementor-element-populated\">\n\t\t\t\t\t\t<div class=\"elementor-element elementor-element-4e2ddbf elementor-widget elementor-widget-text-editor\" data-id=\"4e2ddbf\" data-element_type=\"widget\" data-widget_type=\"text-editor.default\">\n\t\t\t\t<div class=\"elementor-widget-container\">\n\t\t\t\t\t\t\t\t\t<h6><strong>Workroom<\/strong><\/h6>\t\t\t\t\t\t\t\t<\/div>\n\t\t\t\t<\/div>\n\t\t\t\t<div class=\"elementor-element elementor-element-2b3eb4b elementor-widget elementor-widget-text-editor\" data-id=\"2b3eb4b\" data-element_type=\"widget\" data-widget_type=\"text-editor.default\">\n\t\t\t\t<div class=\"elementor-widget-container\">\n\t\t\t\t\t\t\t\t\tPolica 37,<br>\n4202 Naklo, Slovenija\t\t\t\t\t\t\t\t<\/div>\n\t\t\t\t<\/div>\n\t\t\t\t\t<\/div>\n\t\t<\/div>\n\t\t\t\t<div class=\"elementor-column elementor-col-50 elementor-inner-column elementor-element elementor-element-db2872b\" data-id=\"db2872b\" data-element_type=\"column\">\n\t\t\t<div class=\"elementor-widget-wrap elementor-element-populated\">\n\t\t\t\t\t\t<div class=\"elementor-element elementor-element-0cdd68f elementor-widget elementor-widget-text-editor\" data-id=\"0cdd68f\" data-element_type=\"widget\" data-widget_type=\"text-editor.default\">\n\t\t\t\t<div class=\"elementor-widget-container\">\n\t\t\t\t\t\t\t\t\t<h6>Email<\/h6>\t\t\t\t\t\t\t\t<\/div>\n\t\t\t\t<\/div>\n\t\t\t\t<div class=\"elementor-element elementor-element-e70c9f2 elementor-widget elementor-widget-text-editor\" data-id=\"e70c9f2\" data-element_type=\"widget\" data-widget_type=\"text-editor.default\">\n\t\t\t\t<div class=\"elementor-widget-container\">\n\t\t\t\t\t\t\t\t\t<p><a href=\"mailto:info@w-room.eu\">info@w-room.eu<\/a><\/p>\t\t\t\t\t\t\t\t<\/div>\n\t\t\t\t<\/div>\n\t\t\t\t\t<\/div>\n\t\t<\/div>\n\t\t\t\t\t<\/div>\n\t\t<\/section>\n\t\t\t\t\t<\/div>\n\t\t<\/div>\n\t\t\t\t<div class=\"elementor-column elementor-col-33 elementor-top-column elementor-element elementor-element-b369385 elementor-hidden-tablet_extra elementor-hidden-tablet elementor-hidden-mobile_extra elementor-hidden-mobile elementor-hidden-laptop\" data-id=\"b369385\" data-element_type=\"column\">\n\t\t\t<div class=\"elementor-widget-wrap\">\n\t\t\t\t\t\t\t<\/div>\n\t\t<\/div>\n\t\t\t\t<div class=\"elementor-column elementor-col-33 elementor-top-column elementor-element elementor-element-5d949d4\" data-id=\"5d949d4\" data-element_type=\"column\">\n\t\t\t<div class=\"elementor-widget-wrap elementor-element-populated\">\n\t\t\t\t\t\t<div class=\"elementor-element elementor-element-b4205f0 elementor-widget elementor-widget-agencium_wpforms\" data-id=\"b4205f0\" data-element_type=\"widget\" data-widget_type=\"agencium_wpforms.default\">\n\t\t\t\t<div class=\"elementor-widget-container\">\n\t\t\t\t\t        <div class=\"agencium-wpforms-widget\">\n            <h5 class=\"wpforms-widget-heading agencium-heading\"><span class=\"agencium-heading-content\">Po\u0161ljite sporo\u010dilo<\/span><\/h5><div class=\"wpforms-container wpforms-render-modern\" id=\"wpforms-6021\"><form id=\"wpforms-form-6021\" class=\"wpforms-validate wpforms-form wpforms-ajax-form\" data-formid=\"6021\" method=\"post\" enctype=\"multipart\/form-data\" action=\"\/sl\/wp-json\/wp\/v2\/pages\/7190\" data-token=\"1df1ccca12a839dd9cb1f364ca0c0ba2\" data-token-time=\"1778979119\" data-trp-original-action=\"\/sl\/wp-json\/wp\/v2\/pages\/7190\"><noscript class=\"wpforms-error-noscript\">Please enable JavaScript in your browser to complete this form.<\/noscript><div id=\"wpforms-error-noscript\" style=\"display: none;\">Please enable JavaScript in your browser to complete this form.<\/div><div class=\"wpforms-field-container\"><div id=\"wpforms-6021-field_1-container\" class=\"wpforms-field wpforms-field-name\" data-field-id=\"1\"><div class=\"wpforms-field-wrapper agencium-form-field\"><label class=\"wpforms-field-label\" for=\"wpforms-6021-field_1\">Ime in priimek <span class=\"wpforms-required-label\" aria-hidden=\"true\">*<\/span><\/label><input type=\"text\" id=\"wpforms-6021-field_1\" class=\"wpforms-field-large wpforms-field-required\" name=\"wpforms[fields][1]\" aria-errormessage=\"wpforms-6021-field_1-error\" required><\/div><\/div><div id=\"wpforms-6021-field_2-container\" class=\"wpforms-field wpforms-field-email\" data-field-id=\"2\"><div class=\"wpforms-field-wrapper agencium-form-field\"><label class=\"wpforms-field-label\" for=\"wpforms-6021-field_2\">Email <span class=\"wpforms-required-label\" aria-hidden=\"true\">*<\/span><\/label><input type=\"email\" id=\"wpforms-6021-field_2\" class=\"wpforms-field-large wpforms-field-required\" name=\"wpforms[fields][2]\" spellcheck=\"false\" aria-errormessage=\"wpforms-6021-field_2-error\" required><\/div><\/div><div id=\"wpforms-6021-field_4-container\" class=\"wpforms-field wpforms-field-textarea\" data-field-id=\"4\"><div class=\"wpforms-field-wrapper agencium-form-field\"><label class=\"wpforms-field-label\" for=\"wpforms-6021-field_4\">Sporo\u010dilo<\/label><textarea id=\"wpforms-6021-field_4\" class=\"wpforms-field-medium\" name=\"wpforms[fields][4]\" aria-errormessage=\"wpforms-6021-field_4-error\" ><\/textarea><\/div><\/div><\/div><!-- .wpforms-field-container --><div class=\"wpforms-submit-container\" ><input type=\"hidden\" name=\"wpforms[id]\" value=\"6021\"><input type=\"hidden\" name=\"page_title\" value=\"\"><input type=\"hidden\" name=\"page_url\" value=\"https:\/\/www.w-room.eu\/sl\/wp-json\/wp\/v2\/pages\/7190\"><input type=\"hidden\" name=\"url_referer\" value=\"\"><button type=\"submit\" name=\"wpforms[submit]\" id=\"wpforms-submit-6021\" class=\"wpforms-submit agencium-alter-button\" data-alt-text=\"Sending...\" data-submit-text=\"Send message\" aria-live=\"assertive\" value=\"wpforms-submit\">Po\u0161ljite sporo\u010dilo<svg viewbox=\"0 0 13 20\"><polyline points=\"0.5 19.5 3 19.5 12.5 10 3 0.5\"><\/polyline><\/svg><\/button><\/button><img decoding=\"async\" src=\"https:\/\/www.w-room.eu\/wp-content\/plugins\/wpforms-lite\/assets\/images\/submit-spin.svg\" class=\"wpforms-submit-spinner\" style=\"display: none;\" width=\"26\" height=\"26\" alt=\"Loading\"><\/div><input type=\"hidden\" name=\"trp-form-language\" value=\"sl\"\/><\/form><\/div>  <!-- .wpforms-container -->        <\/div>\n        \t\t\t\t<\/div>\n\t\t\t\t<\/div>\n\t\t\t\t\t<\/div>\n\t\t<\/div>\n\t\t\t\t\t<\/div>\n\t\t<\/section>\n\t\t\t\t<section class=\"elementor-section elementor-top-section elementor-element elementor-element-41aa1b88 elementor-section-stretched before-footer-section elementor-section-boxed elementor-section-height-default elementor-section-height-default\" data-id=\"41aa1b88\" data-element_type=\"section\" data-settings=\"{&quot;stretch_section&quot;:&quot;section-stretched&quot;}\">\n\t\t\t\t\t\t<div class=\"elementor-container elementor-column-gap-default\">\n\t\t\t\t\t<div class=\"elementor-column elementor-col-25 elementor-top-column elementor-element elementor-element-210177ba\" data-id=\"210177ba\" data-element_type=\"column\">\n\t\t\t<div class=\"elementor-widget-wrap elementor-element-populated\">\n\t\t\t\t\t\t<div class=\"elementor-element elementor-element-1233d5ff elementor-widget__width-initial elementor-widget elementor-widget-text-editor\" data-id=\"1233d5ff\" data-element_type=\"widget\" data-widget_type=\"text-editor.default\">\n\t\t\t\t<div class=\"elementor-widget-container\">\n\t\t\t\t\t\t\t\t\t<p>Naziv nalo\u017ebe: Celovita digitalizacija poslovnih procesov podjetja Workroom Plastic d.o.o.<\/p><p>Operacijo financira Evropska unija, in sicer iz Evropskega sklada za regionalni razvoj.<br \/>Ve\u010d informacij je na voljo na spletni strani:\u00a0<a href=\"http:\/\/www.evropskasredstva.si\/\" target=\"_blank\" rel=\"noopener noreferrer\">www.evropskasredstva.si<\/a><\/p>\t\t\t\t\t\t\t\t<\/div>\n\t\t\t\t<\/div>\n\t\t\t\t\t<\/div>\n\t\t<\/div>\n\t\t\t\t<div class=\"elementor-column elementor-col-50 elementor-top-column elementor-element elementor-element-674e51e0 elementor-hidden-tablet_extra elementor-hidden-tablet elementor-hidden-mobile_extra elementor-hidden-mobile elementor-hidden-laptop\" data-id=\"674e51e0\" data-element_type=\"column\">\n\t\t\t<div class=\"elementor-widget-wrap\">\n\t\t\t\t\t\t\t<\/div>\n\t\t<\/div>\n\t\t\t\t<div class=\"elementor-column elementor-col-25 elementor-top-column elementor-element elementor-element-ef40a8b\" data-id=\"ef40a8b\" data-element_type=\"column\">\n\t\t\t<div class=\"elementor-widget-wrap elementor-element-populated\">\n\t\t\t\t\t\t<div class=\"elementor-element elementor-element-6a8fb580 elementor-widget__width-initial elementor-widget elementor-widget-html\" data-id=\"6a8fb580\" data-element_type=\"widget\" data-widget_type=\"html.default\">\n\t\t\t\t<div class=\"elementor-widget-container\">\n\t\t\t\t\t<style>\r\n#footer-galery {\r\n    display: flex;\r\n    align-items: center;\r\n    justify-content: flex-end;\r\n    gap: 20px;\r\n    flex-wrap: nowrap; \/* stay in one row *\/\r\n}\r\n\r\n\/* link wrapper *\/\r\n#footer-galery a {\r\n    flex: 1;\r\n    max-width: 180px;\r\n    display: flex;\r\n    justify-content: center;\r\n}\r\n\r\n\/* images *\/\r\n#footer-galery img {\r\n    width: 100%;\r\n    height: auto;\r\n    object-fit: contain;\r\n    transition: opacity 0.3s ease;\r\n}\r\n\r\n#footer-galery a:hover img {\r\n    opacity: 0.8;\r\n}\r\n\r\n\/* Stack in ONE column on phone *\/\r\n@media (max-width: 767px) {\r\n    #footer-galery {\r\n        flex-direction: column;   \/* stack vertically *\/\r\n        align-items: center;\r\n        justify-content: center;\r\n    }\r\n\r\n    #footer-galery a {\r\n        flex: 0 0 100%;\r\n        max-width: 220px; \/* optional: control image size *\/\r\n        width: 100%;\r\n    }\r\n}\r\n<\/style>\r\n\r\n<div id=\"footer-galery\">\r\n    <a href=\"https:\/\/www.w-room.eu\/sl\/celovita-digitalizacija-poslovnih-procesov-podjetja-workroom-plastic-d-o-o\/\" target=\"_blank\">\r\n        <img decoding=\"async\" src=\"https:\/\/www.w-room.eu\/wp-content\/uploads\/2026\/02\/Bez-naslova.png\" alt=\"\">\r\n    <\/a>\r\n    <a href=\"https:\/\/www.w-room.eu\/sl\/celovita-digitalizacija-poslovnih-procesov-podjetja-workroom-plastic-d-o-o\/\" target=\"_blank\">\r\n        <img decoding=\"async\" src=\"https:\/\/www.w-room.eu\/wp-content\/uploads\/2026\/02\/SL_Co-fundedbytheEU_RGB_POS-scaled.png\" alt=\"\">\r\n    <\/a>\r\n    <a href=\"https:\/\/www.w-room.eu\/sl\/celovita-digitalizacija-poslovnih-procesov-podjetja-workroom-plastic-d-o-o\/\" target=\"_blank\">\r\n        <img decoding=\"async\" src=\"https:\/\/www.w-room.eu\/wp-content\/uploads\/2026\/02\/IFEEL_1.png\" alt=\"\">\r\n    <\/a>\r\n<\/div>\t\t\t\t<\/div>\n\t\t\t\t<\/div>\n\t\t\t\t\t<\/div>\n\t\t<\/div>\n\t\t\t\t\t<\/div>\n\t\t<\/section>\n\t\t\t\t<\/div>","protected":false},"excerpt":{"rendered":"<p>This document provides information about the cookies used on the website at www.w-room.eu. The website is operated by Workroom d.o.o., Polica 37, 4202 Naklo, Slovenia, which is the controller of the personal data collected through this website. The controller can be&#8230;<\/p>","protected":false},"author":1,"featured_media":0,"parent":0,"menu_order":0,"comment_status":"closed","ping_status":"closed","template":"","meta":{"inline_featured_image":false,"footnotes":""},"class_list":["post-7190","page","type-page","status-publish","hentry"],"aioseo_notices":[],"_links":{"self":[{"href":"https:\/\/www.w-room.eu\/sl\/wp-json\/wp\/v2\/pages\/7190","targetHints":{"allow":["GET"]}}],"collection":[{"href":"https:\/\/www.w-room.eu\/sl\/wp-json\/wp\/v2\/pages"}],"about":[{"href":"https:\/\/www.w-room.eu\/sl\/wp-json\/wp\/v2\/types\/page"}],"author":[{"embeddable":true,"href":"https:\/\/www.w-room.eu\/sl\/wp-json\/wp\/v2\/users\/1"}],"replies":[{"embeddable":true,"href":"https:\/\/www.w-room.eu\/sl\/wp-json\/wp\/v2\/comments?post=7190"}],"version-history":[{"count":43,"href":"https:\/\/www.w-room.eu\/sl\/wp-json\/wp\/v2\/pages\/7190\/revisions"}],"predecessor-version":[{"id":7433,"href":"https:\/\/www.w-room.eu\/sl\/wp-json\/wp\/v2\/pages\/7190\/revisions\/7433"}],"wp:attachment":[{"href":"https:\/\/www.w-room.eu\/sl\/wp-json\/wp\/v2\/media?parent=7190"}],"curies":[{"name":"wp","href":"https:\/\/api.w.org\/{rel}","templated":true}]}}