{"id":7002,"date":"2024-12-05T20:12:50","date_gmt":"2024-12-05T20:12:50","guid":{"rendered":"https:\/\/www.w-room.eu\/?page_id=7002"},"modified":"2024-12-05T22:17:50","modified_gmt":"2024-12-05T22:17:50","slug":"send-us-your-inquiry","status":"publish","type":"page","link":"https:\/\/www.w-room.eu\/sl\/send-us-your-inquiry\/","title":{"rendered":"Po\u0161ljite povpra\u0161evanje"},"content":{"rendered":"<div data-elementor-type=\"wp-page\" data-elementor-id=\"7002\" class=\"elementor elementor-7002\">\n\t\t\t\t\t\t<section class=\"elementor-section elementor-top-section elementor-element elementor-element-bc1d1ea elementor-section-boxed elementor-section-height-default elementor-section-height-default\" data-id=\"bc1d1ea\" data-element_type=\"section\">\n\t\t\t\t\t\t<div class=\"elementor-container elementor-column-gap-default\">\n\t\t\t\t\t<div class=\"elementor-column elementor-col-100 elementor-top-column elementor-element elementor-element-88c3569\" data-id=\"88c3569\" data-element_type=\"column\">\n\t\t\t<div class=\"elementor-widget-wrap elementor-element-populated\">\n\t\t\t\t\t\t<div class=\"elementor-element elementor-element-d02826e elementor-widget elementor-widget-text-editor\" data-id=\"d02826e\" data-element_type=\"widget\" data-widget_type=\"text-editor.default\">\n\t\t\t\t<div class=\"elementor-widget-container\">\n\t\t\t\t\t\t\t\t\t<p>Imate projekt, ki potrebuje strokovno pozornost? Ne glede na to, ali potrebujete podroben pregled oblikovanja, pomo\u010d pri razvoju izdelka ali re\u0161itve za proizvodnjo, tukaj smo, da vam pomagamo.<\/p><p>Uporabite spodnji obrazec, da delite podrobnosti o va\u0161em projektu. Prav tako lahko prilo\u017eite ustrezne datoteke ali dokumentacijo, da nam omogo\u010dite bolj\u0161e razumevanje va\u0161ih zahtev. Na\u0161a ekipa bo pregledala va\u0161o poizvedbo in vam ponudila prilagojene nasvete in re\u0161itve.<\/p><p>Sodelujmo pri uresni\u010ditvi va\u0161ih idej!<\/p>\t\t\t\t\t\t\t\t<\/div>\n\t\t\t\t<\/div>\n\t\t\t\t\t<\/div>\n\t\t<\/div>\n\t\t\t\t\t<\/div>\n\t\t<\/section>\n\t\t\t\t<section class=\"elementor-section elementor-top-section elementor-element elementor-element-f549d7a elementor-section-boxed elementor-section-height-default elementor-section-height-default\" data-id=\"f549d7a\" data-element_type=\"section\">\n\t\t\t\t\t\t<div class=\"elementor-container elementor-column-gap-default\">\n\t\t\t\t\t<div class=\"elementor-column elementor-col-100 elementor-top-column elementor-element elementor-element-b367477\" data-id=\"b367477\" data-element_type=\"column\">\n\t\t\t<div class=\"elementor-widget-wrap elementor-element-populated\">\n\t\t\t\t\t\t<div class=\"elementor-element elementor-element-231c9c2 elementor-widget elementor-widget-agencium_wpforms\" data-id=\"231c9c2\" data-element_type=\"widget\" data-widget_type=\"agencium_wpforms.default\">\n\t\t\t\t<div class=\"elementor-widget-container\">\n\t\t\t\t\t        <div class=\"agencium-wpforms-widget\">\n            <div class=\"wpforms-container wpforms-render-modern\" id=\"wpforms-7006\"><form id=\"wpforms-form-7006\" class=\"wpforms-validate wpforms-form wpforms-ajax-form\" data-formid=\"7006\" method=\"post\" enctype=\"multipart\/form-data\" action=\"\/sl\/wp-json\/wp\/v2\/pages\/7002\" data-token=\"499032f285a09bdbac3758a6dd143d3d\" data-token-time=\"1778982548\" data-trp-original-action=\"\/sl\/wp-json\/wp\/v2\/pages\/7002\"><noscript class=\"wpforms-error-noscript\">Please enable JavaScript in your browser to complete this form.<\/noscript><div id=\"wpforms-error-noscript\" style=\"display: none;\">Please enable JavaScript in your browser to complete this form.<\/div><div class=\"wpforms-field-container\"><div id=\"wpforms-7006-field_1-container\" class=\"wpforms-field wpforms-field-name\" data-field-id=\"1\"><div class=\"wpforms-field-wrapper agencium-form-field\"><label class=\"wpforms-field-label\" for=\"wpforms-7006-field_1\">Ime in priimek <span class=\"wpforms-required-label\" aria-hidden=\"true\">*<\/span><\/label><input type=\"text\" id=\"wpforms-7006-field_1\" class=\"wpforms-field-large wpforms-field-required\" name=\"wpforms[fields][1]\" aria-errormessage=\"wpforms-7006-field_1-error\" required><\/div><\/div><div id=\"wpforms-7006-field_12-container\" class=\"wpforms-field wpforms-field-text\" data-field-id=\"12\"><div class=\"wpforms-field-wrapper agencium-form-field\"><label class=\"wpforms-field-label\" for=\"wpforms-7006-field_12\">Podjetje<\/label><input type=\"text\" id=\"wpforms-7006-field_12\" class=\"wpforms-field-large\" name=\"wpforms[fields][12]\" aria-errormessage=\"wpforms-7006-field_12-error\" ><\/div><\/div><div id=\"wpforms-7006-field_2-container\" class=\"wpforms-field wpforms-field-email\" data-field-id=\"2\"><div class=\"wpforms-field-wrapper agencium-form-field\"><label class=\"wpforms-field-label\" for=\"wpforms-7006-field_2\">Email <span class=\"wpforms-required-label\" aria-hidden=\"true\">*<\/span><\/label><input type=\"email\" id=\"wpforms-7006-field_2\" class=\"wpforms-field-large wpforms-field-required\" name=\"wpforms[fields][2]\" spellcheck=\"false\" aria-errormessage=\"wpforms-7006-field_2-error\" required><\/div><\/div><div id=\"wpforms-7006-field_11-container\" class=\"wpforms-field wpforms-field-text\" data-field-id=\"11\"><div class=\"wpforms-field-wrapper agencium-form-field\"><label class=\"wpforms-field-label\" for=\"wpforms-7006-field_11\">Telefon<\/label><input type=\"text\" id=\"wpforms-7006-field_11\" class=\"wpforms-field-large\" name=\"wpforms[fields][11]\" aria-errormessage=\"wpforms-7006-field_11-error\" ><\/div><\/div><div id=\"wpforms-7006-field_4-container\" class=\"wpforms-field wpforms-field-textarea\" data-field-id=\"4\"><div class=\"wpforms-field-wrapper agencium-form-field\"><label class=\"wpforms-field-label\" for=\"wpforms-7006-field_4\">Opis projekta<\/label><textarea id=\"wpforms-7006-field_4\" class=\"wpforms-field-medium\" name=\"wpforms[fields][4]\" aria-errormessage=\"wpforms-7006-field_4-error\" ><\/textarea><\/div><\/div><div id=\"wpforms-7006-field_10-container\" class=\"wpforms-field wpforms-field-drop-uploader\" data-field-id=\"10\"><label class=\"wpforms-field-label wpforms-label-hide\" for=\"wpforms-7006-field_10\" aria-hidden=\"false\">Datoteke<\/label><input type=\"file\" id=\"wpforms-7006-field_10\" class=\"wpforms-field-medium wpf-drop-uploader\" name=\"wpforms[fields][10]\" aria-errormessage=\"wpforms-7006-field_10-error\"    multiple data-method=\"ajax\"><\/div><\/div><!-- .wpforms-field-container --><div class=\"wpforms-submit-container\" ><input type=\"hidden\" name=\"wpforms[id]\" value=\"7006\"><input type=\"hidden\" name=\"page_title\" value=\"\"><input type=\"hidden\" name=\"page_url\" value=\"https:\/\/www.w-room.eu\/sl\/wp-json\/wp\/v2\/pages\/7002\"><input type=\"hidden\" name=\"url_referer\" value=\"\"><button type=\"submit\" name=\"wpforms[submit]\" id=\"wpforms-submit-7006\" class=\"wpforms-submit agencium-alter-button\" data-alt-text=\"Sending...\" data-submit-text=\"Send message\" aria-live=\"assertive\" value=\"wpforms-submit\">Po\u0161ljite sporo\u010dilo<svg viewbox=\"0 0 13 20\"><polyline points=\"0.5 19.5 3 19.5 12.5 10 3 0.5\"><\/polyline><\/svg><\/button><\/button><img decoding=\"async\" src=\"https:\/\/www.w-room.eu\/wp-content\/plugins\/wpforms-lite\/assets\/images\/submit-spin.svg\" class=\"wpforms-submit-spinner\" style=\"display: none;\" width=\"26\" height=\"26\" alt=\"Loading\"><\/div><input type=\"hidden\" name=\"trp-form-language\" value=\"sl\"\/><\/form><\/div>  <!-- .wpforms-container -->        <\/div>\n        \t\t\t\t<\/div>\n\t\t\t\t<\/div>\n\t\t\t\t\t<\/div>\n\t\t<\/div>\n\t\t\t\t\t<\/div>\n\t\t<\/section>\n\t\t\t\t<section class=\"elementor-section elementor-top-section elementor-element elementor-element-ca85a47 elementor-section-stretched before-footer-section elementor-section-boxed elementor-section-height-default elementor-section-height-default\" data-id=\"ca85a47\" data-element_type=\"section\" data-settings=\"{&quot;stretch_section&quot;:&quot;section-stretched&quot;}\">\n\t\t\t\t\t\t<div class=\"elementor-container elementor-column-gap-default\">\n\t\t\t\t\t<div class=\"elementor-column elementor-col-33 elementor-top-column elementor-element elementor-element-fb759be\" data-id=\"fb759be\" data-element_type=\"column\">\n\t\t\t<div class=\"elementor-widget-wrap elementor-element-populated\">\n\t\t\t\t\t\t<div class=\"elementor-element elementor-element-f06cc79 elementor-widget elementor-widget-heading\" data-id=\"f06cc79\" data-element_type=\"widget\" data-widget_type=\"heading.default\">\n\t\t\t\t<div class=\"elementor-widget-container\">\n\t\t\t\t\t<h2 class=\"elementor-heading-title elementor-size-default translation-block\">Stopi v <em>stik<\/em><\/h2>\t\t\t\t<\/div>\n\t\t\t\t<\/div>\n\t\t\t\t<div class=\"elementor-element elementor-element-e02d1d5 elementor-widget__width-initial elementor-widget elementor-widget-text-editor\" data-id=\"e02d1d5\" data-element_type=\"widget\" data-widget_type=\"text-editor.default\">\n\t\t\t\t<div class=\"elementor-widget-container\">\n\t\t\t\t\t\t\t\t\t<p>Ne glede na to, ali imate vpra\u0161anja, potrebujete ve\u010d informacij ali ste pripravljeni za\u010deti projekt, se obrnite na nas. Tukaj smo, da vam pomagamo.<\/p>\t\t\t\t\t\t\t\t<\/div>\n\t\t\t\t<\/div>\n\t\t\t\t<section class=\"elementor-section elementor-inner-section elementor-element elementor-element-e174e1b elementor-section-boxed elementor-section-height-default elementor-section-height-default\" data-id=\"e174e1b\" data-element_type=\"section\">\n\t\t\t\t\t\t<div class=\"elementor-container elementor-column-gap-no\">\n\t\t\t\t\t<div class=\"elementor-column elementor-col-50 elementor-inner-column elementor-element elementor-element-52cf55e\" data-id=\"52cf55e\" data-element_type=\"column\">\n\t\t\t<div class=\"elementor-widget-wrap elementor-element-populated\">\n\t\t\t\t\t\t<div class=\"elementor-element elementor-element-fac452b elementor-widget elementor-widget-text-editor\" data-id=\"fac452b\" data-element_type=\"widget\" data-widget_type=\"text-editor.default\">\n\t\t\t\t<div class=\"elementor-widget-container\">\n\t\t\t\t\t\t\t\t\t<h6><strong>Workroom<\/strong><\/h6>\t\t\t\t\t\t\t\t<\/div>\n\t\t\t\t<\/div>\n\t\t\t\t<div class=\"elementor-element elementor-element-c0b56d2 elementor-widget elementor-widget-text-editor\" data-id=\"c0b56d2\" data-element_type=\"widget\" data-widget_type=\"text-editor.default\">\n\t\t\t\t<div class=\"elementor-widget-container\">\n\t\t\t\t\t\t\t\t\tPolica 37,<br>\n4202 Naklo, Slovenija\t\t\t\t\t\t\t\t<\/div>\n\t\t\t\t<\/div>\n\t\t\t\t\t<\/div>\n\t\t<\/div>\n\t\t\t\t<div class=\"elementor-column elementor-col-50 elementor-inner-column elementor-element elementor-element-67ef97a\" data-id=\"67ef97a\" data-element_type=\"column\">\n\t\t\t<div class=\"elementor-widget-wrap elementor-element-populated\">\n\t\t\t\t\t\t<div class=\"elementor-element elementor-element-3eeddbb elementor-widget elementor-widget-text-editor\" data-id=\"3eeddbb\" data-element_type=\"widget\" data-widget_type=\"text-editor.default\">\n\t\t\t\t<div class=\"elementor-widget-container\">\n\t\t\t\t\t\t\t\t\t<h6>Email<\/h6>\t\t\t\t\t\t\t\t<\/div>\n\t\t\t\t<\/div>\n\t\t\t\t<div class=\"elementor-element elementor-element-0188e4b elementor-widget elementor-widget-text-editor\" data-id=\"0188e4b\" data-element_type=\"widget\" data-widget_type=\"text-editor.default\">\n\t\t\t\t<div class=\"elementor-widget-container\">\n\t\t\t\t\t\t\t\t\t<p><a href=\"mailto:info@w-room.eu\">info@w-room.eu<\/a><\/p>\t\t\t\t\t\t\t\t<\/div>\n\t\t\t\t<\/div>\n\t\t\t\t\t<\/div>\n\t\t<\/div>\n\t\t\t\t\t<\/div>\n\t\t<\/section>\n\t\t\t\t\t<\/div>\n\t\t<\/div>\n\t\t\t\t<div class=\"elementor-column elementor-col-33 elementor-top-column elementor-element elementor-element-e100610 elementor-hidden-tablet_extra elementor-hidden-tablet elementor-hidden-mobile_extra elementor-hidden-mobile elementor-hidden-laptop\" data-id=\"e100610\" data-element_type=\"column\">\n\t\t\t<div class=\"elementor-widget-wrap\">\n\t\t\t\t\t\t\t<\/div>\n\t\t<\/div>\n\t\t\t\t<div class=\"elementor-column elementor-col-33 elementor-top-column elementor-element elementor-element-4589add\" data-id=\"4589add\" data-element_type=\"column\">\n\t\t\t<div class=\"elementor-widget-wrap elementor-element-populated\">\n\t\t\t\t\t\t<div class=\"elementor-element elementor-element-e91c939 elementor-widget elementor-widget-agencium_wpforms\" data-id=\"e91c939\" data-element_type=\"widget\" data-widget_type=\"agencium_wpforms.default\">\n\t\t\t\t<div class=\"elementor-widget-container\">\n\t\t\t\t\t        <div class=\"agencium-wpforms-widget\">\n            <h5 class=\"wpforms-widget-heading agencium-heading\"><span class=\"agencium-heading-content\">Po\u0161ljite sporo\u010dilo<\/span><\/h5><div class=\"wpforms-container wpforms-render-modern\" id=\"wpforms-6021\"><form id=\"wpforms-form-6021\" class=\"wpforms-validate wpforms-form wpforms-ajax-form\" data-formid=\"6021\" method=\"post\" enctype=\"multipart\/form-data\" action=\"\/sl\/wp-json\/wp\/v2\/pages\/7002\" data-token=\"1df1ccca12a839dd9cb1f364ca0c0ba2\" data-token-time=\"1778982548\" data-trp-original-action=\"\/sl\/wp-json\/wp\/v2\/pages\/7002\"><noscript class=\"wpforms-error-noscript\">Please enable JavaScript in your browser to complete this form.<\/noscript><div id=\"wpforms-error-noscript\" style=\"display: none;\">Please enable JavaScript in your browser to complete this form.<\/div><div class=\"wpforms-field-container\"><div id=\"wpforms-6021-field_1-container\" class=\"wpforms-field wpforms-field-name\" data-field-id=\"1\"><div class=\"wpforms-field-wrapper agencium-form-field\"><label class=\"wpforms-field-label\" for=\"wpforms-6021-field_1\">Ime in priimek <span class=\"wpforms-required-label\" aria-hidden=\"true\">*<\/span><\/label><input type=\"text\" id=\"wpforms-6021-field_1\" class=\"wpforms-field-large wpforms-field-required\" name=\"wpforms[fields][1]\" aria-errormessage=\"wpforms-6021-field_1-error\" required><\/div><\/div><div id=\"wpforms-6021-field_2-container\" class=\"wpforms-field wpforms-field-email\" data-field-id=\"2\"><div class=\"wpforms-field-wrapper agencium-form-field\"><label class=\"wpforms-field-label\" for=\"wpforms-6021-field_2\">Email <span class=\"wpforms-required-label\" aria-hidden=\"true\">*<\/span><\/label><input type=\"email\" id=\"wpforms-6021-field_2\" class=\"wpforms-field-large wpforms-field-required\" name=\"wpforms[fields][2]\" spellcheck=\"false\" aria-errormessage=\"wpforms-6021-field_2-error\" required><\/div><\/div><div id=\"wpforms-6021-field_4-container\" class=\"wpforms-field wpforms-field-textarea\" data-field-id=\"4\"><div class=\"wpforms-field-wrapper agencium-form-field\"><label class=\"wpforms-field-label\" for=\"wpforms-6021-field_4\">Sporo\u010dilo<\/label><textarea id=\"wpforms-6021-field_4\" class=\"wpforms-field-medium\" name=\"wpforms[fields][4]\" aria-errormessage=\"wpforms-6021-field_4-error\" ><\/textarea><\/div><\/div><\/div><!-- .wpforms-field-container --><div class=\"wpforms-submit-container\" ><input type=\"hidden\" name=\"wpforms[id]\" value=\"6021\"><input type=\"hidden\" name=\"page_title\" value=\"\"><input type=\"hidden\" name=\"page_url\" value=\"https:\/\/www.w-room.eu\/sl\/wp-json\/wp\/v2\/pages\/7002\"><input type=\"hidden\" name=\"url_referer\" value=\"\"><button type=\"submit\" name=\"wpforms[submit]\" id=\"wpforms-submit-6021\" class=\"wpforms-submit agencium-alter-button\" data-alt-text=\"Sending...\" data-submit-text=\"Send message\" aria-live=\"assertive\" value=\"wpforms-submit\">Po\u0161ljite sporo\u010dilo<svg viewbox=\"0 0 13 20\"><polyline points=\"0.5 19.5 3 19.5 12.5 10 3 0.5\"><\/polyline><\/svg><\/button><\/button><img decoding=\"async\" src=\"https:\/\/www.w-room.eu\/wp-content\/plugins\/wpforms-lite\/assets\/images\/submit-spin.svg\" class=\"wpforms-submit-spinner\" style=\"display: none;\" width=\"26\" height=\"26\" alt=\"Loading\"><\/div><input type=\"hidden\" name=\"trp-form-language\" value=\"sl\"\/><\/form><\/div>  <!-- .wpforms-container -->        <\/div>\n        \t\t\t\t<\/div>\n\t\t\t\t<\/div>\n\t\t\t\t\t<\/div>\n\t\t<\/div>\n\t\t\t\t\t<\/div>\n\t\t<\/section>\n\t\t\t\t<\/div>","protected":false},"excerpt":{"rendered":"<p>Do you have a project that requires expert attention? Whether you need a detailed design check, assistance with product development, or production solutions, we\u2019re here to help. Use the form below to share the details of your project. You can also&#8230;<\/p>","protected":false},"author":1,"featured_media":0,"parent":0,"menu_order":0,"comment_status":"closed","ping_status":"closed","template":"","meta":{"inline_featured_image":false,"footnotes":""},"class_list":["post-7002","page","type-page","status-publish","hentry"],"aioseo_notices":[],"_links":{"self":[{"href":"https:\/\/www.w-room.eu\/sl\/wp-json\/wp\/v2\/pages\/7002","targetHints":{"allow":["GET"]}}],"collection":[{"href":"https:\/\/www.w-room.eu\/sl\/wp-json\/wp\/v2\/pages"}],"about":[{"href":"https:\/\/www.w-room.eu\/sl\/wp-json\/wp\/v2\/types\/page"}],"author":[{"embeddable":true,"href":"https:\/\/www.w-room.eu\/sl\/wp-json\/wp\/v2\/users\/1"}],"replies":[{"embeddable":true,"href":"https:\/\/www.w-room.eu\/sl\/wp-json\/wp\/v2\/comments?post=7002"}],"version-history":[{"count":17,"href":"https:\/\/www.w-room.eu\/sl\/wp-json\/wp\/v2\/pages\/7002\/revisions"}],"predecessor-version":[{"id":7103,"href":"https:\/\/www.w-room.eu\/sl\/wp-json\/wp\/v2\/pages\/7002\/revisions\/7103"}],"wp:attachment":[{"href":"https:\/\/www.w-room.eu\/sl\/wp-json\/wp\/v2\/media?parent=7002"}],"curies":[{"name":"wp","href":"https:\/\/api.w.org\/{rel}","templated":true}]}}