{"id":6960,"date":"2024-12-04T21:40:58","date_gmt":"2024-12-04T21:40:58","guid":{"rendered":"https:\/\/www.w-room.eu\/?page_id=6960"},"modified":"2026-03-19T06:55:31","modified_gmt":"2026-03-19T06:55:31","slug":"privacy-policy","status":"publish","type":"page","link":"https:\/\/www.w-room.eu\/sl\/privacy-policy\/","title":{"rendered":"Politika zasebnosti"},"content":{"rendered":"<div data-elementor-type=\"wp-page\" data-elementor-id=\"6960\" class=\"elementor elementor-6960\">\n\t\t\t\t\t\t<section class=\"elementor-section elementor-top-section elementor-element elementor-element-827bd74 elementor-section-boxed elementor-section-height-default elementor-section-height-default\" data-id=\"827bd74\" data-element_type=\"section\">\n\t\t\t\t\t\t<div class=\"elementor-container elementor-column-gap-default\">\n\t\t\t\t\t<div class=\"elementor-column elementor-col-100 elementor-top-column elementor-element elementor-element-e7e8965\" data-id=\"e7e8965\" data-element_type=\"column\">\n\t\t\t<div class=\"elementor-widget-wrap elementor-element-populated\">\n\t\t\t\t\t\t<div class=\"elementor-element elementor-element-85e5222 elementor-widget elementor-widget-text-editor\" data-id=\"85e5222\" data-element_type=\"widget\" data-widget_type=\"text-editor.default\">\n\t\t\t\t<div class=\"elementor-widget-container\">\n\t\t\t\t\t\t\t\t\t<h6>Politika zasebnosti<\/h6><p>V Workroom d.o.o., Polica 37, 4202 Naklo, Slovenija, se zavedamo kako pomembna je varnost osebnih podatkov posameznikov, zato veljavno nacionalno in evropsko zakonodajo s tega podro\u010dja skrbno spo\u0161tujemo ter uveljavljamo.<\/p><p>Osebne podatke obdelujemo z namenom, da priskrbimo najbolj\u0161o uporabni\u0161ko in potro\u0161ni\u0161ko izku\u0161njo v povezavi z na\u0161imi produkti in storitvami, prav tako pa zagotavljamo najvi\u0161jo stopnjo skrbnosti na podro\u010dju varnosti in diskretnosti pri shranjevanju ter obdelavi va\u0161ih osebnih podatkov.<\/p><p>Vsa na\u0161a ravnanja, ki so povezana z osebnimi podatki, so v skladu s trenutno veljavno zakonodajo s podro\u010dja varovanja osebnih podatkov. Skrbimo, da so va\u0161i osebni podatki primerno in v skladu s potrebno skrbnostjo shranjeni, nad nameni obdelave va\u0161ih osebnih podatkov zagotavljamo primeren nadzor in omogo\u010damo, da lahko uveljavljate vse pravice, ki jih imate po trenutni veljavni zakonodaji.<\/p><h6>Kot posameznik imate pravico, da zahtevate:<\/h6><ul><li>seznanitev o tem, katere va\u0161e osebne podatke obdelujemo in za kak\u0161ne namene;<\/li><li>popravek va\u0161ih osebnih podatkov v primeru nepopolnosti v na\u0161i zbirki;<\/li><li>prenos osebnih podatkov iz na\u0161e zbirke k drugemu obdelovalcu oziroma upravljavcu osebnih podatkov;<\/li><li>ugovor v primeru, da je obdelava namenjena neposrednemu tr\u017eenju, vklju\u010dno z oblikovanjem uporabni\u0161kih profilov, mi pa imamo dol\u017enost, da so vam te pravice uresni\u010dene.<\/li><\/ul><p>Ve\u010d o va\u0161ih pravicah glede varstva osebnih podatkov si lahko preberete v nadaljevanju.<\/p><h6>Pravne podlage za obdelavo<\/h6><p>Podjetje Workroom obdeluje va\u0161e osebne podatke le, \u010de ima za to zakonsko ali drugo pravno podlago. Podatke obdelujemo na naslednjih podlagah:<\/p><ul><li>neposredna privolitev v okviru kontaktnega obrazca in uporabe spletne analitike;<\/li><li>izvajanje pogodbe, ki se sklene med nami kot izvajalcu storitve in vami kot naro\u010dnikom storitve;<\/li><li>izvajanje ukrepov pred sklenitvijo pogodbe;<\/li><li>zakoniti interes, ki se nana\u0161a predvsem na neposredno tr\u017eenje na\u0161ih storitev;<\/li><li>izpolnitev zakonskih obveznostih, predvsem v primeru neizpolnjevanja pogodbenih obveznosti ter s tem primernih sankcij.<\/li><\/ul><h6>Podatki, ki jih obdelujemo in na\u0161 namen<\/h6><p>Podatki, ki jih pridobimo na podlagi kontaktnega obrazca so va\u0161e ime, priimek, telefonska \u0161tevilka, e-naslov ter storitev\/-ve, ki jo\/jih potrebujete. Zbiramo jih na varen na\u010din. Uporabimo jih z namenom odgovora na va\u0161e povpra\u0161evanje\/izpolnitev obveznosti iz prodajne pogodbe in nadaljnjega poslovnega sodelovanja. Teh podatkov ne uporabimo v tr\u017eenjske namene, razen \u010de se z namenom izrecno strinjate.<\/p><h6>Podatki, ki jih pridobimo na podlagi sklenjene pogodbe<\/h6><p>Podatki, ki jih pridobimo na podlagi sklenjene pogodbe so naziv podjetja, naslov, dav\u010dna in mati\u010dna \u0161tevilka ter ime, priimek in e-naslov kontaktne osebe. Potrebujemo jih za nemoteno delo, izdajo ra\u010dunov ter v kasnej\u0161i fazi za morebitno izterjavo.<\/p><h6>Podatki, ki jih pridobimo iz javnih evidenc<\/h6><p>Podatki, ki jih pridobimo iz javnih evidenc so naziv podjetja, naslov ter dav\u010dna \u0161tevilka. Potrebujemo jih za izdajo ra\u010duna. V na\u0161i poslovni praksi ni zbiranja podatkov iz baz za tr\u017eenjske namene.<\/p><p>Podatke fizi\u010dnih oseb obdelujemo na zahtevo naro\u010dnikov in po pogodbi z njimi. Za to, da so podatki zbrani na zakonit na\u010din, poskrbi sam naro\u010dnik. Mi pa pri tem pridobimo vse potrebne informacije, da so bili podatki zares pridobljeni na zakonit na\u010din.<\/p><p>Obdelava osebnih podatkov ob obisku spletne strani <a href=\"http:\/\/www.w-room.eu\/sl\/\">www.w-room.eu<\/a><\/p><p>Za zagotavljanje najbolj\u0161e uporabni\u0161ke izku\u0161nje na na\u0161i spletni strani, uporabljamo napreden program za spletno analitiko Google Analytics z namenom, da se uporabnikom zagotovi brezhibna in optimizirana stran.\nKot uporabnik na\u0161e spletne strani imate takoj ob obisku naslovne strani pravico, da ne privolite v obdelavo teh podatkov. Obdelavi se izognete z ustreznimi nastavitvami pi\u0161kotkov ob obisku spletne strani ali ustreznimi nastavitvami za uporabo pi\u0161kotkov na spletnem brskalniku, ki ga uporabljate.<\/p><p>\u010ce se odlo\u010dite, da \u017eelite podati soglasje za uporabo spletne analitike, lahko to storite na enak na\u010din, kot ste jo zavrnili \u2013 na vstopni spletni strani.<\/p><p>V primeru privolitve v obdelavo podatkov (sprejmete pi\u0161kotke na strani) pridobimo va\u0161 anonimiziran IP-naslov. To pomeni, da so vsi va\u0161i osebni podatki kriptirani in nam niso na voljo.<\/p><p>Posamezniki, katerih osebne podatke obdelujemo imate pravico, da lahko od podjetja Workroom zahtevate:<\/p><ul><li>dostop do osebnih podatkov, popravek osebnih podatkov,<\/li><li>izbris osebnih podatkov iz zbirke osebnih podatkov in omejitev obdelave va\u0161ih osebnih podatkov,<\/li><li>pravica do ugovora obdelave in pravica do prenosljivosti va\u0161ih osebnih podatkov.<\/li><\/ul><p>Pravice uveljavljate s pisno zahtevo, ki jo posredujete preko elektronske po\u0161te na naslov <a href=\"mailto:info@w-room.eu\">info@w-room.eu<\/a>.<\/p><p>O va\u0161i zahtevi bomo odlo\u010dili v enem mesecu po prejemu va\u0161e zahteve. Ta rok lahko podalj\u0161amo za najve\u010d dva dodatna meseca, in sicer v primeru zapletenosti in ve\u010djega \u0161tevila zahtev, o \u010demer boste obve\u0161\u010deni.<\/p><h6>Dostop do svojih osebnih podatkov oziroma seznanitev z obdelavo<\/h6><p>Vedno imate pravico do seznanitve ali obdelujejo va\u0161i osebni podatki. Kadar se, vam zagotavljamo dostop do va\u0161ih osebnih podatkov in naslednje informacije:<\/p><ul><li>namen\/-e obdelave;<\/li><li>vrste osebnih podatkov;<\/li><li>uporabnike, ki so jim bili ali jim bodo razkriti osebni podatki;<\/li><li>predvideno obdobje hrambe osebnih podatkov ali, \u010de to ni mogo\u010de, merila, ki se uporabijo za dolo\u010ditev tega obdobja;<\/li><li>kadar osebni podatki niso zbrani od vas vse razpolo\u017eljive informacije v zvezi z njihovim virom.<\/li><\/ul><p>Seznanitev z obdelavo osebnih podatkov je brezpla\u010dna, razen kadar so zahteve posameznika, na katerega se nana\u0161ajo osebni podatki, o\u010ditno neutemeljene ali pretirane, zlasti ker se ponavljajo. V takem primeru lahko upravljavec:<\/p><p>a) zara\u010duna razumno pristojbino, pri \u010demer upo\u0161teva upravne stro\u0161ke posredovanja informacij ali sporo\u010dila ali izvajanja zahtevanega ukrepa, ali zavrne ukrepanje v zvezi z zahtevo.<\/p><h6>Right to rectification\u2028<\/h6><p>As an individual, you have the right under the law to have inaccurate personal data relating to you rectified and, taking into account the purposes of the processing, to have incomplete personal data completed.<\/p><h6>Pravica do popravka<\/h6><p>Kot posameznik imate po zakonodaji pravico, da popravimo va\u0161e neto\u010dne osebne podatke ter ob upo\u0161tevanju namenov obdelave pravico do dopolnitve nepopolnih osebnih podatkov.<\/p><ul><li>osebni podatki niso ve\u010d potrebni za namene, za katere so bili zbrani ali kako druga\u010de obdelani;<\/li><li>kadar prekli\u010dete privolitev, na podlagi katere poteka obdelava in kadar za obdelavo ne obstaja nobena druga pravna podlaga;<\/li><li>kadar obdelavi ugovarjate, za njihovo obdelavo pa ne obstajajo nobeni prevladujo\u010di zakoniti razlogi;<\/li><li>osebni podatki so bili obdelani nezakonito.<\/li><\/ul><h6>Pravica do omejitve obdelave<\/h6><p>Pravico imate dose\u010di, da omejimo obdelavo va\u0161ih osebnih podatkov, kadar velja eden od naslednjih primerov:<\/p><ul><li>kadar oporekate to\u010dnosti podatkov, in sicer za obdobje, ki nam omogo\u010da preveriti to\u010dnost osebnih podatkov;<\/li><li>je obdelava nezakonita, vi pa nasprotujete izbrisu osebnih podatkov ter namesto tega zahtevate omejitev njihove uporabe;<\/li><li>va\u0161ih osebnih podatkov ne potrebujemo ve\u010d za namene obdelave, temve\u010d jih vi potrebujete za uveljavljanje, izvajanje ali obrambo pravnih zahtevkov;<\/li><li>\u010de ste vlo\u017eili ugovor v zvezi z obdelavo, ki temelji na na\u0161ih zakonitih interesih, dokler se ne preveri, ali na\u0161i zakoniti razlogi prevladajo nad va\u0161imi razlogi.<\/li><\/ul><p>\u010ce je bila obdelava osebnih podatkov omejena, se ti obdelujejo le z va\u0161o privolitvijo z izjemo njihovega shranjevanja, ali za uveljavljanje, izvajanje ali obrambo pravnih zahtevkov ali zaradi varstva pravic druge fizi\u010dne ali pravne osebe.<\/p><p>Pred preklicem omejitve obdelave va\u0161ih osebnih podatkov smo vas o tem dol\u017eni obvestiti.<\/p><h6>Pravica do prenosljivosti podatkov<\/h6><p>Imate pravico, da prejmete va\u0161e osebne podatke, ki ste nam jih posredovali v strukturirani, splo\u0161no uporabljeni in strojno berljivi obliki in pravico, da te podatke posredujete drugemu upravljavcu, kadar obdelava temelji na va\u0161i privolitvi ali se obdelava izvaja z avtomatiziranimi sredstvi. Na va\u0161o zahtevo, kadar je to tehni\u010dno izvedljivo, se lahko osebni podatki neposredno prenesejo k drugemu upravljavcu.<\/p><h6>Right to object\u2028<\/h6><p>Kadar va\u0161e podatke obdelujemo na podlagi zakonitega interesa za namene tr\u017eenja, vklju\u010dno z oblikovanjem profilov, lahko taki obdelavi kadarkoli ugovarjate.\n\n\u010ce o va\u0161i zahtevi ne odlo\u010dimo v zakonskem roku ali va\u0161o zahtevo zavrnemo, imate mo\u017enost vlo\u017eitve prito\u017ebe pri Informacijskem poobla\u0161\u010dencu.<\/p><h6>OBDOBJE HRAMBE OSEBNIH PODATKOV<\/h6><p>Podatke hranimo najve\u010d toliko \u010dasa, kolikor je potrebno za dosego namena, zaradi katerega smo jih zbrali ali nadalje obdelali oziroma do poteka zastaralnih rokov za izpolnitev obveznosti ali zakonsko predpisanega roka hrambe.<\/p><p>Podatke o naro\u010dnikih oziroma kupcih, katerih obdelava temelji na zakonu po prenehanju storitvenega razmerja hranimo do popolnega pla\u010dila storitev, vendar najdlje do poteka zastaralnega roka za svoje terjatve za izvajanje storitev oziroma izpolnitve pogodbe, razen, ko je z zakonom dolo\u010den dalj\u0161i rok hrambe.\nDruge podatke, ki jih pridobimo na podlagi va\u0161ega soglasja, hranimo za \u010das trajanja sodelovanja in \u0161e dve leti po prenehanju, razen \u010de zakon dolo\u010da dalj\u0161i rok hrambe. \u010ce stranka, ki je dala soglasje za obdelavo osebnih podatkov, ni vstopila v poslovno razmerje z nami, njeno soglasje velja dve leti od njegove podaje. Kot dav\u010dni zavezanec po zakonu, ki ureja o davek na dodano vrednost, moramo zagotoviti hrambo ra\u010dunov \u0161e 10 let po poteku leta, na katero se ra\u010duni nana\u0161ajo.<\/p><p>Po poteku obdobja hrambe se podatki zbri\u0161ejo, uni\u010dijo, blokirajo ali anonimizirajo, \u010de zakon za posamezno vrsto podatkov ne dolo\u010da druga\u010de.<\/p><h6>Podatki o upravljavcu<\/h6><p>Va\u0161e osebne podatke zbira in obdeluje podjetje Workroom d.o.o., Polica 37, 4202 Naklo,  mati\u010dna \u0161t.: 2312484000.<\/p><p>Poobla\u0161\u010dena oseba za varstvo osebnih podatkov dolo\u010dena s strani upravljalca je dostopna preko naslova e-po\u0161te: <a href=\"mailto:info@w-room.eu\">info@w-room.eu<\/a><\/p><h6>Kon\u010dne odlo\u010dbe<\/h6><p>\u010ce s temi pogoji obdelave osebnih podatkov dolo\u010dena podro\u010dja niso urejena, se namesto njih uporablja veljavna zakonodaja.\nPridr\u017eujemo si pravico do spremembe teh pogojev obdelave. O spremembi vas bomo seznanili z objavo na uradni spletni strani oziroma na drug primeren na\u010din. Sprememba bo objavljena v objavljena mesecu dni pred pri\u010detkom veljavnosti le-te, na uradni spletni strani.<\/p><p>Predmetni pogoji obdelave veljajo in se uporabljajo od 15.12.2024.<\/p>\t\t\t\t\t\t\t\t<\/div>\n\t\t\t\t<\/div>\n\t\t\t\t\t<\/div>\n\t\t<\/div>\n\t\t\t\t\t<\/div>\n\t\t<\/section>\n\t\t\t\t<section class=\"elementor-section elementor-top-section elementor-element elementor-element-154a605 elementor-section-stretched before-footer-section elementor-section-boxed elementor-section-height-default elementor-section-height-default\" data-id=\"154a605\" data-element_type=\"section\" data-settings=\"{&quot;stretch_section&quot;:&quot;section-stretched&quot;}\">\n\t\t\t\t\t\t<div class=\"elementor-container elementor-column-gap-default\">\n\t\t\t\t\t<div class=\"elementor-column elementor-col-33 elementor-top-column elementor-element elementor-element-6323a8c\" data-id=\"6323a8c\" data-element_type=\"column\">\n\t\t\t<div class=\"elementor-widget-wrap elementor-element-populated\">\n\t\t\t\t\t\t<div class=\"elementor-element elementor-element-e3f8f1f elementor-widget elementor-widget-heading\" data-id=\"e3f8f1f\" data-element_type=\"widget\" data-widget_type=\"heading.default\">\n\t\t\t\t<div class=\"elementor-widget-container\">\n\t\t\t\t\t<h2 class=\"elementor-heading-title elementor-size-default translation-block\">Stopi v <em>stik<\/em><\/h2>\t\t\t\t<\/div>\n\t\t\t\t<\/div>\n\t\t\t\t<div class=\"elementor-element elementor-element-e2be27a elementor-widget__width-initial elementor-widget elementor-widget-text-editor\" data-id=\"e2be27a\" data-element_type=\"widget\" data-widget_type=\"text-editor.default\">\n\t\t\t\t<div class=\"elementor-widget-container\">\n\t\t\t\t\t\t\t\t\t<p>Ne glede na to, ali imate vpra\u0161anja, potrebujete ve\u010d informacij ali ste pripravljeni za\u010deti projekt, se obrnite na nas. Tukaj smo, da vam pomagamo.<\/p>\t\t\t\t\t\t\t\t<\/div>\n\t\t\t\t<\/div>\n\t\t\t\t<section class=\"elementor-section elementor-inner-section elementor-element elementor-element-0c76ddc elementor-section-boxed elementor-section-height-default elementor-section-height-default\" data-id=\"0c76ddc\" data-element_type=\"section\">\n\t\t\t\t\t\t<div class=\"elementor-container elementor-column-gap-no\">\n\t\t\t\t\t<div class=\"elementor-column elementor-col-50 elementor-inner-column elementor-element elementor-element-3f0e238\" data-id=\"3f0e238\" data-element_type=\"column\">\n\t\t\t<div class=\"elementor-widget-wrap elementor-element-populated\">\n\t\t\t\t\t\t<div class=\"elementor-element elementor-element-4e2ddbf elementor-widget elementor-widget-text-editor\" data-id=\"4e2ddbf\" data-element_type=\"widget\" data-widget_type=\"text-editor.default\">\n\t\t\t\t<div class=\"elementor-widget-container\">\n\t\t\t\t\t\t\t\t\t<h6><strong>Workroom<\/strong><\/h6>\t\t\t\t\t\t\t\t<\/div>\n\t\t\t\t<\/div>\n\t\t\t\t<div class=\"elementor-element elementor-element-2b3eb4b elementor-widget elementor-widget-text-editor\" data-id=\"2b3eb4b\" data-element_type=\"widget\" data-widget_type=\"text-editor.default\">\n\t\t\t\t<div class=\"elementor-widget-container\">\n\t\t\t\t\t\t\t\t\tPolica 37,<br>\n4202 Naklo, Slovenija\t\t\t\t\t\t\t\t<\/div>\n\t\t\t\t<\/div>\n\t\t\t\t\t<\/div>\n\t\t<\/div>\n\t\t\t\t<div class=\"elementor-column elementor-col-50 elementor-inner-column elementor-element elementor-element-db2872b\" data-id=\"db2872b\" data-element_type=\"column\">\n\t\t\t<div class=\"elementor-widget-wrap elementor-element-populated\">\n\t\t\t\t\t\t<div class=\"elementor-element elementor-element-0cdd68f elementor-widget elementor-widget-text-editor\" data-id=\"0cdd68f\" data-element_type=\"widget\" data-widget_type=\"text-editor.default\">\n\t\t\t\t<div class=\"elementor-widget-container\">\n\t\t\t\t\t\t\t\t\t<h6>Email<\/h6>\t\t\t\t\t\t\t\t<\/div>\n\t\t\t\t<\/div>\n\t\t\t\t<div class=\"elementor-element elementor-element-e70c9f2 elementor-widget elementor-widget-text-editor\" data-id=\"e70c9f2\" data-element_type=\"widget\" data-widget_type=\"text-editor.default\">\n\t\t\t\t<div class=\"elementor-widget-container\">\n\t\t\t\t\t\t\t\t\t<p><a href=\"mailto:info@w-room.eu\">info@w-room.eu<\/a><\/p>\t\t\t\t\t\t\t\t<\/div>\n\t\t\t\t<\/div>\n\t\t\t\t\t<\/div>\n\t\t<\/div>\n\t\t\t\t\t<\/div>\n\t\t<\/section>\n\t\t\t\t\t<\/div>\n\t\t<\/div>\n\t\t\t\t<div class=\"elementor-column elementor-col-33 elementor-top-column elementor-element elementor-element-b369385 elementor-hidden-tablet_extra elementor-hidden-tablet elementor-hidden-mobile_extra elementor-hidden-mobile elementor-hidden-laptop\" data-id=\"b369385\" data-element_type=\"column\">\n\t\t\t<div class=\"elementor-widget-wrap\">\n\t\t\t\t\t\t\t<\/div>\n\t\t<\/div>\n\t\t\t\t<div class=\"elementor-column elementor-col-33 elementor-top-column elementor-element elementor-element-5d949d4\" data-id=\"5d949d4\" data-element_type=\"column\">\n\t\t\t<div class=\"elementor-widget-wrap elementor-element-populated\">\n\t\t\t\t\t\t<div class=\"elementor-element elementor-element-b4205f0 elementor-widget elementor-widget-agencium_wpforms\" data-id=\"b4205f0\" data-element_type=\"widget\" data-widget_type=\"agencium_wpforms.default\">\n\t\t\t\t<div class=\"elementor-widget-container\">\n\t\t\t\t\t        <div class=\"agencium-wpforms-widget\">\n            <h5 class=\"wpforms-widget-heading agencium-heading\"><span class=\"agencium-heading-content\">Po\u0161ljite sporo\u010dilo<\/span><\/h5><div class=\"wpforms-container wpforms-render-modern\" id=\"wpforms-6021\"><form id=\"wpforms-form-6021\" class=\"wpforms-validate wpforms-form wpforms-ajax-form\" data-formid=\"6021\" method=\"post\" enctype=\"multipart\/form-data\" action=\"\/sl\/wp-json\/wp\/v2\/pages\/6960\" data-token=\"1df1ccca12a839dd9cb1f364ca0c0ba2\" data-token-time=\"1778979090\" data-trp-original-action=\"\/sl\/wp-json\/wp\/v2\/pages\/6960\"><noscript class=\"wpforms-error-noscript\">Please enable JavaScript in your browser to complete this form.<\/noscript><div id=\"wpforms-error-noscript\" style=\"display: none;\">Please enable JavaScript in your browser to complete this form.<\/div><div class=\"wpforms-field-container\"><div id=\"wpforms-6021-field_1-container\" class=\"wpforms-field wpforms-field-name\" data-field-id=\"1\"><div class=\"wpforms-field-wrapper agencium-form-field\"><label class=\"wpforms-field-label\" for=\"wpforms-6021-field_1\">Ime in priimek <span class=\"wpforms-required-label\" aria-hidden=\"true\">*<\/span><\/label><input type=\"text\" id=\"wpforms-6021-field_1\" class=\"wpforms-field-large wpforms-field-required\" name=\"wpforms[fields][1]\" aria-errormessage=\"wpforms-6021-field_1-error\" required><\/div><\/div><div id=\"wpforms-6021-field_2-container\" class=\"wpforms-field wpforms-field-email\" data-field-id=\"2\"><div class=\"wpforms-field-wrapper agencium-form-field\"><label class=\"wpforms-field-label\" for=\"wpforms-6021-field_2\">Email <span class=\"wpforms-required-label\" aria-hidden=\"true\">*<\/span><\/label><input type=\"email\" id=\"wpforms-6021-field_2\" class=\"wpforms-field-large wpforms-field-required\" name=\"wpforms[fields][2]\" spellcheck=\"false\" aria-errormessage=\"wpforms-6021-field_2-error\" required><\/div><\/div><div id=\"wpforms-6021-field_4-container\" class=\"wpforms-field wpforms-field-textarea\" data-field-id=\"4\"><div class=\"wpforms-field-wrapper agencium-form-field\"><label class=\"wpforms-field-label\" for=\"wpforms-6021-field_4\">Sporo\u010dilo<\/label><textarea id=\"wpforms-6021-field_4\" class=\"wpforms-field-medium\" name=\"wpforms[fields][4]\" aria-errormessage=\"wpforms-6021-field_4-error\" ><\/textarea><\/div><\/div><\/div><!-- .wpforms-field-container --><div class=\"wpforms-submit-container\" ><input type=\"hidden\" name=\"wpforms[id]\" value=\"6021\"><input type=\"hidden\" name=\"page_title\" value=\"\"><input type=\"hidden\" name=\"page_url\" value=\"https:\/\/www.w-room.eu\/sl\/wp-json\/wp\/v2\/pages\/6960\"><input type=\"hidden\" name=\"url_referer\" value=\"\"><button type=\"submit\" name=\"wpforms[submit]\" id=\"wpforms-submit-6021\" class=\"wpforms-submit agencium-alter-button\" data-alt-text=\"Sending...\" data-submit-text=\"Send message\" aria-live=\"assertive\" value=\"wpforms-submit\">Po\u0161ljite sporo\u010dilo<svg viewbox=\"0 0 13 20\"><polyline points=\"0.5 19.5 3 19.5 12.5 10 3 0.5\"><\/polyline><\/svg><\/button><\/button><img decoding=\"async\" src=\"https:\/\/www.w-room.eu\/wp-content\/plugins\/wpforms-lite\/assets\/images\/submit-spin.svg\" class=\"wpforms-submit-spinner\" style=\"display: none;\" width=\"26\" height=\"26\" alt=\"Loading\"><\/div><input type=\"hidden\" name=\"trp-form-language\" value=\"sl\"\/><\/form><\/div>  <!-- .wpforms-container -->        <\/div>\n        \t\t\t\t<\/div>\n\t\t\t\t<\/div>\n\t\t\t\t\t<\/div>\n\t\t<\/div>\n\t\t\t\t\t<\/div>\n\t\t<\/section>\n\t\t\t\t<section class=\"elementor-section elementor-top-section elementor-element elementor-element-4b1a42c3 elementor-section-stretched before-footer-section elementor-section-boxed elementor-section-height-default elementor-section-height-default\" data-id=\"4b1a42c3\" data-element_type=\"section\" data-settings=\"{&quot;stretch_section&quot;:&quot;section-stretched&quot;}\">\n\t\t\t\t\t\t<div class=\"elementor-container elementor-column-gap-default\">\n\t\t\t\t\t<div class=\"elementor-column elementor-col-25 elementor-top-column elementor-element elementor-element-3a61b0a1\" data-id=\"3a61b0a1\" data-element_type=\"column\">\n\t\t\t<div class=\"elementor-widget-wrap elementor-element-populated\">\n\t\t\t\t\t\t<div class=\"elementor-element elementor-element-6992cbd1 elementor-widget__width-initial elementor-widget elementor-widget-text-editor\" data-id=\"6992cbd1\" data-element_type=\"widget\" data-widget_type=\"text-editor.default\">\n\t\t\t\t<div class=\"elementor-widget-container\">\n\t\t\t\t\t\t\t\t\t<p>Naziv nalo\u017ebe: Celovita digitalizacija poslovnih procesov podjetja Workroom Plastic d.o.o.<\/p><p>Operacijo financira Evropska unija, in sicer iz Evropskega sklada za regionalni razvoj.<br \/>Ve\u010d informacij je na voljo na spletni strani:\u00a0<a href=\"http:\/\/www.evropskasredstva.si\/\" target=\"_blank\" rel=\"noopener noreferrer\">www.evropskasredstva.si<\/a><\/p>\t\t\t\t\t\t\t\t<\/div>\n\t\t\t\t<\/div>\n\t\t\t\t\t<\/div>\n\t\t<\/div>\n\t\t\t\t<div class=\"elementor-column elementor-col-50 elementor-top-column elementor-element elementor-element-a5d30a2 elementor-hidden-tablet_extra elementor-hidden-tablet elementor-hidden-mobile_extra elementor-hidden-mobile elementor-hidden-laptop\" data-id=\"a5d30a2\" data-element_type=\"column\">\n\t\t\t<div class=\"elementor-widget-wrap\">\n\t\t\t\t\t\t\t<\/div>\n\t\t<\/div>\n\t\t\t\t<div class=\"elementor-column elementor-col-25 elementor-top-column elementor-element elementor-element-396c1697\" data-id=\"396c1697\" data-element_type=\"column\">\n\t\t\t<div class=\"elementor-widget-wrap elementor-element-populated\">\n\t\t\t\t\t\t<div class=\"elementor-element elementor-element-3029df85 elementor-widget__width-initial elementor-widget elementor-widget-html\" data-id=\"3029df85\" data-element_type=\"widget\" data-widget_type=\"html.default\">\n\t\t\t\t<div class=\"elementor-widget-container\">\n\t\t\t\t\t<style>\r\n#footer-galery {\r\n    display: flex;\r\n    align-items: center;\r\n    justify-content: flex-end;\r\n    gap: 20px;\r\n    flex-wrap: nowrap; \/* stay in one row *\/\r\n}\r\n\r\n\/* link wrapper *\/\r\n#footer-galery a {\r\n    flex: 1;\r\n    max-width: 180px;\r\n    display: flex;\r\n    justify-content: center;\r\n}\r\n\r\n\/* images *\/\r\n#footer-galery img {\r\n    width: 100%;\r\n    height: auto;\r\n    object-fit: contain;\r\n    transition: opacity 0.3s ease;\r\n}\r\n\r\n#footer-galery a:hover img {\r\n    opacity: 0.8;\r\n}\r\n\r\n\/* Stack in ONE column on phone *\/\r\n@media (max-width: 767px) {\r\n    #footer-galery {\r\n        flex-direction: column;   \/* stack vertically *\/\r\n        align-items: center;\r\n        justify-content: center;\r\n    }\r\n\r\n    #footer-galery a {\r\n        flex: 0 0 100%;\r\n        max-width: 220px; \/* optional: control image size *\/\r\n        width: 100%;\r\n    }\r\n}\r\n<\/style>\r\n\r\n<div id=\"footer-galery\">\r\n    <a href=\"https:\/\/www.w-room.eu\/sl\/celovita-digitalizacija-poslovnih-procesov-podjetja-workroom-plastic-d-o-o\/\" target=\"_blank\">\r\n        <img decoding=\"async\" src=\"https:\/\/www.w-room.eu\/wp-content\/uploads\/2026\/02\/Bez-naslova.png\" alt=\"\">\r\n    <\/a>\r\n    <a href=\"https:\/\/www.w-room.eu\/sl\/celovita-digitalizacija-poslovnih-procesov-podjetja-workroom-plastic-d-o-o\/\" target=\"_blank\">\r\n        <img decoding=\"async\" src=\"https:\/\/www.w-room.eu\/wp-content\/uploads\/2026\/02\/SL_Co-fundedbytheEU_RGB_POS-scaled.png\" alt=\"\">\r\n    <\/a>\r\n    <a href=\"https:\/\/www.w-room.eu\/sl\/celovita-digitalizacija-poslovnih-procesov-podjetja-workroom-plastic-d-o-o\/\" target=\"_blank\">\r\n        <img decoding=\"async\" src=\"https:\/\/www.w-room.eu\/wp-content\/uploads\/2026\/02\/IFEEL_1.png\" alt=\"\">\r\n    <\/a>\r\n<\/div>\t\t\t\t<\/div>\n\t\t\t\t<\/div>\n\t\t\t\t\t<\/div>\n\t\t<\/div>\n\t\t\t\t\t<\/div>\n\t\t<\/section>\n\t\t\t\t<\/div>","protected":false},"excerpt":{"rendered":"<p>Privacy policy At Workroom d.o.o., Polica 37, 4202 Naklo (hereinafter referred to as Workroom), we are aware of the importance of the security of personal data of individuals, and therefore we carefully respect and enforce the applicable national and European legislation&#8230;<\/p>","protected":false},"author":1,"featured_media":0,"parent":0,"menu_order":0,"comment_status":"closed","ping_status":"closed","template":"","meta":{"inline_featured_image":false,"footnotes":""},"class_list":["post-6960","page","type-page","status-publish","hentry"],"aioseo_notices":[],"_links":{"self":[{"href":"https:\/\/www.w-room.eu\/sl\/wp-json\/wp\/v2\/pages\/6960","targetHints":{"allow":["GET"]}}],"collection":[{"href":"https:\/\/www.w-room.eu\/sl\/wp-json\/wp\/v2\/pages"}],"about":[{"href":"https:\/\/www.w-room.eu\/sl\/wp-json\/wp\/v2\/types\/page"}],"author":[{"embeddable":true,"href":"https:\/\/www.w-room.eu\/sl\/wp-json\/wp\/v2\/users\/1"}],"replies":[{"embeddable":true,"href":"https:\/\/www.w-room.eu\/sl\/wp-json\/wp\/v2\/comments?post=6960"}],"version-history":[{"count":32,"href":"https:\/\/www.w-room.eu\/sl\/wp-json\/wp\/v2\/pages\/6960\/revisions"}],"predecessor-version":[{"id":7442,"href":"https:\/\/www.w-room.eu\/sl\/wp-json\/wp\/v2\/pages\/6960\/revisions\/7442"}],"wp:attachment":[{"href":"https:\/\/www.w-room.eu\/sl\/wp-json\/wp\/v2\/media?parent=6960"}],"curies":[{"name":"wp","href":"https:\/\/api.w.org\/{rel}","templated":true}]}}