{"id":6888,"date":"2024-12-04T21:08:41","date_gmt":"2024-12-04T21:08:41","guid":{"rendered":"https:\/\/www.w-room.eu\/?page_id=6888"},"modified":"2026-03-19T06:54:43","modified_gmt":"2026-03-19T06:54:43","slug":"services","status":"publish","type":"page","link":"https:\/\/www.w-room.eu\/sl\/services\/","title":{"rendered":"Storitve"},"content":{"rendered":"<div data-elementor-type=\"wp-page\" data-elementor-id=\"6888\" class=\"elementor elementor-6888\">\n\t\t\t\t\t\t<section class=\"elementor-section elementor-top-section elementor-element elementor-element-f4cab8b elementor-section-boxed elementor-section-height-default elementor-section-height-default\" data-id=\"f4cab8b\" data-element_type=\"section\">\n\t\t\t\t\t\t<div class=\"elementor-container elementor-column-gap-default\">\n\t\t\t\t\t<div class=\"elementor-column elementor-col-100 elementor-top-column elementor-element elementor-element-628fd66\" data-id=\"628fd66\" data-element_type=\"column\">\n\t\t\t<div class=\"elementor-widget-wrap elementor-element-populated\">\n\t\t\t\t\t\t<div class=\"elementor-element elementor-element-ee19c49 elementor-widget elementor-widget-agencium_services_listing\" data-id=\"ee19c49\" data-element_type=\"widget\" data-widget_type=\"agencium_services_listing.default\">\n\t\t\t\t<div class=\"elementor-widget-container\">\n\t\t\t\t\t\n        <div class=\"agencium-service-listing-widget\">\n\n            <div class=\"archive-listing\" data-ajax='{&quot;post_type&quot;:&quot;agencium_service&quot;,&quot;post_status&quot;:&quot;publish&quot;,&quot;ignore_sticky_posts&quot;:true,&quot;suppress_filters&quot;:true,&quot;orderby&quot;:&quot;date&quot;,&quot;order&quot;:&quot;desc&quot;,&quot;link_base&quot;:&quot;https:\\\/\\\/www.w-room.eu\\\/sl\\\/wp-json\\\/wp\\\/v2\\\/pages\\\/6888&quot;,&quot;posts_per_page&quot;:4,&quot;columns_number&quot;:1,&quot;paged&quot;:1}' data-widget='{&quot;excerpt_length&quot;:104,&quot;show_media&quot;:true,&quot;show_icon&quot;:false,&quot;show_index&quot;:true,&quot;show_name&quot;:true,&quot;show_excerpt&quot;:true,&quot;show_pagination&quot;:&quot;&quot;,&quot;show_read_more&quot;:true,&quot;read_more_text&quot;:&quot;Explore more&quot;,&quot;item_class&quot;:&quot;service-item-wrapper with-media&quot;,&quot;columns_number&quot;:1,&quot;listing_type&quot;:&quot;list&quot;}'>\n                <div class=\"archive-listing-wrapper service-listing-wrapper service-list-listing\">\n                    \n<div class=\"service-item-wrapper with-media post-2720 agencium_service type-agencium_service status-publish has-post-thumbnail hentry agencium_services_category-development\">\n    <div class=\"service-item\">\n\n        <div class=\"service-item-media hidden-media\"><div class=\"post-media\"><picture><source media=\"(max-width: 480px)\" sizes=\"(max-width: 480px) 480px\" srcset=\"https:\/\/www.w-room.eu\/wp-content\/uploads\/2023\/08\/service-design-check-5-480x480.jpg 480w\"><source media=\"(max-width: 660px)\" sizes=\"(max-width: 660px) 660px\" srcset=\"https:\/\/www.w-room.eu\/wp-content\/uploads\/2023\/08\/service-design-check-5-480x480.jpg 660w\"><source media=\"(max-width: 840px)\" sizes=\"(max-width: 840px) 840px\" srcset=\"https:\/\/www.w-room.eu\/wp-content\/uploads\/2023\/08\/service-design-check-5-480x480.jpg 840w\"><source media=\"(max-width: 1020px)\" sizes=\"(max-width: 1020px) 1020px\" srcset=\"https:\/\/www.w-room.eu\/wp-content\/uploads\/2023\/08\/service-design-check-5-480x480.jpg 1020w\"><source media=\"(max-width: 1200px)\" sizes=\"(max-width: 1200px) 1200px\" srcset=\"https:\/\/www.w-room.eu\/wp-content\/uploads\/2023\/08\/service-design-check-5-480x480.jpg 1200w\"><img decoding=\"async\" alt=\"service-design-check-5\" title=\"service-design-check-5\" src=\"https:\/\/www.w-room.eu\/wp-content\/uploads\/2023\/08\/service-design-check-5-480x480.jpg\" class=\"attachment-agencium_small size-agencium_small wp-post-image\" \/><\/picture><\/div><\/div><div class=\"service-item-content\"><div class=\"service-post-title\"><a href=\"https:\/\/www.w-room.eu\/sl\/services\/design-check\/\"><span class=\"service-post-index\">.01 \/<\/span><span class=\"service-post-name-wrapper\"><span class=\"service-post-name\" data-name=\"Design Check\">Kontrola dizajna<\/span><\/span><\/a><\/div><div class=\"service-item-hidden\"><div class=\"service-item-excerpt\">Izvajamo DFM analizo, da ugotovimo, ali je va\u0161 dizajn primeren za proizvodnjo.<\/div><div class=\"service-more-button\"><a href=\"https:\/\/www.w-room.eu\/sl\/services\/design-check\/\" class=\"agencium-alter-button\">Odkrijte ve\u010d<svg viewbox=\"0 0 13 20\"><polyline points=\"0.5 19.5 3 19.5 12.5 10 3 0.5\"><\/polyline><\/svg><\/a><\/div><\/div><\/div>\n    <\/div>\n<\/div>\n<div class=\"service-item-wrapper with-media post-2282 agencium_service type-agencium_service status-publish has-post-thumbnail hentry agencium_services_category-design\">\n    <div class=\"service-item\">\n\n        <div class=\"service-item-media hidden-media\"><div class=\"post-media\"><picture><source media=\"(max-width: 480px)\" sizes=\"(max-width: 480px) 480px\" srcset=\"https:\/\/www.w-room.eu\/wp-content\/uploads\/2024\/09\/service-product-development-480x480.jpg 480w\"><source media=\"(max-width: 660px)\" sizes=\"(max-width: 660px) 660px\" srcset=\"https:\/\/www.w-room.eu\/wp-content\/uploads\/2024\/09\/service-product-development-480x480.jpg 660w\"><source media=\"(max-width: 840px)\" sizes=\"(max-width: 840px) 840px\" srcset=\"https:\/\/www.w-room.eu\/wp-content\/uploads\/2024\/09\/service-product-development-480x480.jpg 840w\"><source media=\"(max-width: 1020px)\" sizes=\"(max-width: 1020px) 1020px\" srcset=\"https:\/\/www.w-room.eu\/wp-content\/uploads\/2024\/09\/service-product-development-480x480.jpg 1020w\"><source media=\"(max-width: 1200px)\" sizes=\"(max-width: 1200px) 1200px\" srcset=\"https:\/\/www.w-room.eu\/wp-content\/uploads\/2024\/09\/service-product-development-480x480.jpg 1200w\"><img decoding=\"async\" alt=\"service-product-development\" title=\"service-product-development\" src=\"https:\/\/www.w-room.eu\/wp-content\/uploads\/2024\/09\/service-product-development-480x480.jpg\" class=\"attachment-agencium_small size-agencium_small wp-post-image\" \/><\/picture><\/div><\/div><div class=\"service-item-content\"><div class=\"service-post-title\"><a href=\"https:\/\/www.w-room.eu\/sl\/services\/product-development\/\"><span class=\"service-post-index\">.02 \/<\/span><span class=\"service-post-name-wrapper\"><span class=\"service-post-name\" data-name=\"Product development\">Razvoj izdelkov<\/span><\/span><\/a><\/div><div class=\"service-item-hidden\"><div class=\"service-item-excerpt\">Va\u0161o idejo pripeljemo do 3D modela ali jo preprosto optimiziramo.<\/div><div class=\"service-more-button\"><a href=\"https:\/\/www.w-room.eu\/sl\/services\/product-development\/\" class=\"agencium-alter-button\">Odkrijte ve\u010d<svg viewbox=\"0 0 13 20\"><polyline points=\"0.5 19.5 3 19.5 12.5 10 3 0.5\"><\/polyline><\/svg><\/a><\/div><\/div><\/div>\n    <\/div>\n<\/div>\n<div class=\"service-item-wrapper with-media post-2280 agencium_service type-agencium_service status-publish has-post-thumbnail hentry agencium_services_category-marketing\">\n    <div class=\"service-item\">\n\n        <div class=\"service-item-media hidden-media\"><div class=\"post-media\"><picture><source media=\"(max-width: 480px)\" sizes=\"(max-width: 480px) 480px\" srcset=\"https:\/\/www.w-room.eu\/wp-content\/uploads\/2024\/09\/service-injection-molding-480x480.jpg 480w\"><source media=\"(max-width: 660px)\" sizes=\"(max-width: 660px) 660px\" srcset=\"https:\/\/www.w-room.eu\/wp-content\/uploads\/2024\/09\/service-injection-molding-480x480.jpg 660w\"><source media=\"(max-width: 840px)\" sizes=\"(max-width: 840px) 840px\" srcset=\"https:\/\/www.w-room.eu\/wp-content\/uploads\/2024\/09\/service-injection-molding-480x480.jpg 840w\"><source media=\"(max-width: 1020px)\" sizes=\"(max-width: 1020px) 1020px\" srcset=\"https:\/\/www.w-room.eu\/wp-content\/uploads\/2024\/09\/service-injection-molding-480x480.jpg 1020w\"><source media=\"(max-width: 1200px)\" sizes=\"(max-width: 1200px) 1200px\" srcset=\"https:\/\/www.w-room.eu\/wp-content\/uploads\/2024\/09\/service-injection-molding-480x480.jpg 1200w\"><img decoding=\"async\" alt=\"service-injection-molding\" title=\"service-injection-molding\" src=\"https:\/\/www.w-room.eu\/wp-content\/uploads\/2024\/09\/service-injection-molding-480x480.jpg\" class=\"attachment-agencium_small size-agencium_small wp-post-image\" \/><\/picture><\/div><\/div><div class=\"service-item-content\"><div class=\"service-post-title\"><a href=\"https:\/\/www.w-room.eu\/sl\/services\/injection-molding\/\"><span class=\"service-post-index\">.03 \/<\/span><span class=\"service-post-name-wrapper\"><span class=\"service-post-name\" data-name=\"Injection molding\">Brizganje plastike<\/span><\/span><\/a><\/div><div class=\"service-item-hidden\"><div class=\"service-item-excerpt\">V podjetju Workroom imamo lastne kapacitete za brizganje plastike.<\/div><div class=\"service-more-button\"><a href=\"https:\/\/www.w-room.eu\/sl\/services\/injection-molding\/\" class=\"agencium-alter-button\">Odkrijte ve\u010d<svg viewbox=\"0 0 13 20\"><polyline points=\"0.5 19.5 3 19.5 12.5 10 3 0.5\"><\/polyline><\/svg><\/a><\/div><\/div><\/div>\n    <\/div>\n<\/div>\n<div class=\"service-item-wrapper with-media post-2059 agencium_service type-agencium_service status-publish has-post-thumbnail hentry agencium_services_category-development\">\n    <div class=\"service-item\">\n\n        <div class=\"service-item-media hidden-media\"><div class=\"post-media\"><picture><source media=\"(max-width: 480px)\" sizes=\"(max-width: 480px) 480px\" srcset=\"https:\/\/www.w-room.eu\/wp-content\/uploads\/2024\/09\/service-production-plant-480x480.jpg 480w\"><source media=\"(max-width: 660px)\" sizes=\"(max-width: 660px) 660px\" srcset=\"https:\/\/www.w-room.eu\/wp-content\/uploads\/2024\/09\/service-production-plant-480x480.jpg 660w\"><source media=\"(max-width: 840px)\" sizes=\"(max-width: 840px) 840px\" srcset=\"https:\/\/www.w-room.eu\/wp-content\/uploads\/2024\/09\/service-production-plant-480x480.jpg 840w\"><source media=\"(max-width: 1020px)\" sizes=\"(max-width: 1020px) 1020px\" srcset=\"https:\/\/www.w-room.eu\/wp-content\/uploads\/2024\/09\/service-production-plant-480x480.jpg 1020w\"><source media=\"(max-width: 1200px)\" sizes=\"(max-width: 1200px) 1200px\" srcset=\"https:\/\/www.w-room.eu\/wp-content\/uploads\/2024\/09\/service-production-plant-480x480.jpg 1200w\"><img decoding=\"async\" alt=\"service-production-plant\" title=\"service-production-plant\" src=\"https:\/\/www.w-room.eu\/wp-content\/uploads\/2024\/09\/service-production-plant-480x480.jpg\" class=\"attachment-agencium_small size-agencium_small wp-post-image\" \/><\/picture><\/div><\/div><div class=\"service-item-content\"><div class=\"service-post-title\"><a href=\"https:\/\/www.w-room.eu\/sl\/services\/production-plant\/\"><span class=\"service-post-index\">.04 \/<\/span><span class=\"service-post-name-wrapper\"><span class=\"service-post-name\" data-name=\"Production Plant\">Proizvodni obrat<\/span><\/span><\/a><\/div><div class=\"service-item-hidden\"><div class=\"service-item-excerpt\">Enostavna storitev, ve\u010d proizvodnih tehnologij na enem mestu.<\/div><div class=\"service-more-button\"><a href=\"https:\/\/www.w-room.eu\/sl\/services\/production-plant\/\" class=\"agencium-alter-button\">Odkrijte ve\u010d<svg viewbox=\"0 0 13 20\"><polyline points=\"0.5 19.5 3 19.5 12.5 10 3 0.5\"><\/polyline><\/svg><\/a><\/div><\/div><\/div>\n    <\/div>\n<\/div>                <\/div>\n\n                            <\/div>\n\n        <\/div>\n        \t\t\t\t<\/div>\n\t\t\t\t<\/div>\n\t\t\t\t\t<\/div>\n\t\t<\/div>\n\t\t\t\t\t<\/div>\n\t\t<\/section>\n\t\t\t\t<section class=\"elementor-section elementor-top-section elementor-element elementor-element-d603efd elementor-section-stretched before-footer-section elementor-section-boxed elementor-section-height-default elementor-section-height-default\" data-id=\"d603efd\" data-element_type=\"section\" data-settings=\"{&quot;stretch_section&quot;:&quot;section-stretched&quot;}\">\n\t\t\t\t\t\t<div class=\"elementor-container elementor-column-gap-default\">\n\t\t\t\t\t<div class=\"elementor-column elementor-col-33 elementor-top-column elementor-element elementor-element-efa62ac\" data-id=\"efa62ac\" data-element_type=\"column\">\n\t\t\t<div class=\"elementor-widget-wrap elementor-element-populated\">\n\t\t\t\t\t\t<div class=\"elementor-element elementor-element-2ed37a8 elementor-widget elementor-widget-heading\" data-id=\"2ed37a8\" data-element_type=\"widget\" data-widget_type=\"heading.default\">\n\t\t\t\t<div class=\"elementor-widget-container\">\n\t\t\t\t\t<h2 class=\"elementor-heading-title elementor-size-default translation-block\">Stopi v <em>stik<\/em><\/h2>\t\t\t\t<\/div>\n\t\t\t\t<\/div>\n\t\t\t\t<div class=\"elementor-element elementor-element-5b0855f elementor-widget__width-initial elementor-widget elementor-widget-text-editor\" data-id=\"5b0855f\" data-element_type=\"widget\" data-widget_type=\"text-editor.default\">\n\t\t\t\t<div class=\"elementor-widget-container\">\n\t\t\t\t\t\t\t\t\t<p>Ne glede na to, ali imate vpra\u0161anja, potrebujete ve\u010d informacij ali ste pripravljeni za\u010deti projekt, se obrnite na nas. Tukaj smo, da vam pomagamo.<\/p>\t\t\t\t\t\t\t\t<\/div>\n\t\t\t\t<\/div>\n\t\t\t\t<section class=\"elementor-section elementor-inner-section elementor-element elementor-element-eb3fabd elementor-section-boxed elementor-section-height-default elementor-section-height-default\" data-id=\"eb3fabd\" data-element_type=\"section\">\n\t\t\t\t\t\t<div class=\"elementor-container elementor-column-gap-no\">\n\t\t\t\t\t<div class=\"elementor-column elementor-col-50 elementor-inner-column elementor-element elementor-element-79655d4\" data-id=\"79655d4\" data-element_type=\"column\">\n\t\t\t<div class=\"elementor-widget-wrap elementor-element-populated\">\n\t\t\t\t\t\t<div class=\"elementor-element elementor-element-b08273a elementor-widget elementor-widget-text-editor\" data-id=\"b08273a\" data-element_type=\"widget\" data-widget_type=\"text-editor.default\">\n\t\t\t\t<div class=\"elementor-widget-container\">\n\t\t\t\t\t\t\t\t\t<h6><strong>Workroom<\/strong><\/h6>\t\t\t\t\t\t\t\t<\/div>\n\t\t\t\t<\/div>\n\t\t\t\t<div class=\"elementor-element elementor-element-945df15 elementor-widget elementor-widget-text-editor\" data-id=\"945df15\" data-element_type=\"widget\" data-widget_type=\"text-editor.default\">\n\t\t\t\t<div class=\"elementor-widget-container\">\n\t\t\t\t\t\t\t\t\tPolica 37,<br>\n4202 Naklo, Slovenija\t\t\t\t\t\t\t\t<\/div>\n\t\t\t\t<\/div>\n\t\t\t\t\t<\/div>\n\t\t<\/div>\n\t\t\t\t<div class=\"elementor-column elementor-col-50 elementor-inner-column elementor-element elementor-element-b728ea2\" data-id=\"b728ea2\" data-element_type=\"column\">\n\t\t\t<div class=\"elementor-widget-wrap elementor-element-populated\">\n\t\t\t\t\t\t<div class=\"elementor-element elementor-element-cbfe1c3 elementor-widget elementor-widget-text-editor\" data-id=\"cbfe1c3\" data-element_type=\"widget\" data-widget_type=\"text-editor.default\">\n\t\t\t\t<div class=\"elementor-widget-container\">\n\t\t\t\t\t\t\t\t\t<h6>Email<\/h6>\t\t\t\t\t\t\t\t<\/div>\n\t\t\t\t<\/div>\n\t\t\t\t<div class=\"elementor-element elementor-element-3b399af elementor-widget elementor-widget-text-editor\" data-id=\"3b399af\" data-element_type=\"widget\" data-widget_type=\"text-editor.default\">\n\t\t\t\t<div class=\"elementor-widget-container\">\n\t\t\t\t\t\t\t\t\t<p><a href=\"mailto:info@w-room.eu\">info@w-room.eu<\/a><\/p>\t\t\t\t\t\t\t\t<\/div>\n\t\t\t\t<\/div>\n\t\t\t\t\t<\/div>\n\t\t<\/div>\n\t\t\t\t\t<\/div>\n\t\t<\/section>\n\t\t\t\t\t<\/div>\n\t\t<\/div>\n\t\t\t\t<div class=\"elementor-column elementor-col-33 elementor-top-column elementor-element elementor-element-cc8e2f5 elementor-hidden-tablet_extra elementor-hidden-tablet elementor-hidden-mobile_extra elementor-hidden-mobile elementor-hidden-laptop\" data-id=\"cc8e2f5\" data-element_type=\"column\">\n\t\t\t<div class=\"elementor-widget-wrap\">\n\t\t\t\t\t\t\t<\/div>\n\t\t<\/div>\n\t\t\t\t<div class=\"elementor-column elementor-col-33 elementor-top-column elementor-element elementor-element-0eaed2a\" data-id=\"0eaed2a\" data-element_type=\"column\">\n\t\t\t<div class=\"elementor-widget-wrap elementor-element-populated\">\n\t\t\t\t\t\t<div class=\"elementor-element elementor-element-b6a3c34 elementor-widget elementor-widget-agencium_wpforms\" data-id=\"b6a3c34\" data-element_type=\"widget\" data-widget_type=\"agencium_wpforms.default\">\n\t\t\t\t<div class=\"elementor-widget-container\">\n\t\t\t\t\t        <div class=\"agencium-wpforms-widget\">\n            <h5 class=\"wpforms-widget-heading agencium-heading\"><span class=\"agencium-heading-content\">Po\u0161ljite sporo\u010dilo<\/span><\/h5><div class=\"wpforms-container wpforms-render-modern\" id=\"wpforms-6021\"><form id=\"wpforms-form-6021\" class=\"wpforms-validate wpforms-form wpforms-ajax-form\" data-formid=\"6021\" method=\"post\" enctype=\"multipart\/form-data\" action=\"\/sl\/wp-json\/wp\/v2\/pages\/6888\" data-token=\"1df1ccca12a839dd9cb1f364ca0c0ba2\" data-token-time=\"1778978660\" data-trp-original-action=\"\/sl\/wp-json\/wp\/v2\/pages\/6888\"><noscript class=\"wpforms-error-noscript\">Please enable JavaScript in your browser to complete this form.<\/noscript><div id=\"wpforms-error-noscript\" style=\"display: none;\">Please enable JavaScript in your browser to complete this form.<\/div><div class=\"wpforms-field-container\"><div id=\"wpforms-6021-field_1-container\" class=\"wpforms-field wpforms-field-name\" data-field-id=\"1\"><div class=\"wpforms-field-wrapper agencium-form-field\"><label class=\"wpforms-field-label\" for=\"wpforms-6021-field_1\">Ime in priimek <span class=\"wpforms-required-label\" aria-hidden=\"true\">*<\/span><\/label><input type=\"text\" id=\"wpforms-6021-field_1\" class=\"wpforms-field-large wpforms-field-required\" name=\"wpforms[fields][1]\" aria-errormessage=\"wpforms-6021-field_1-error\" required><\/div><\/div><div id=\"wpforms-6021-field_2-container\" class=\"wpforms-field wpforms-field-email\" data-field-id=\"2\"><div class=\"wpforms-field-wrapper agencium-form-field\"><label class=\"wpforms-field-label\" for=\"wpforms-6021-field_2\">Email <span class=\"wpforms-required-label\" aria-hidden=\"true\">*<\/span><\/label><input type=\"email\" id=\"wpforms-6021-field_2\" class=\"wpforms-field-large wpforms-field-required\" name=\"wpforms[fields][2]\" spellcheck=\"false\" aria-errormessage=\"wpforms-6021-field_2-error\" required><\/div><\/div><div id=\"wpforms-6021-field_4-container\" class=\"wpforms-field wpforms-field-textarea\" data-field-id=\"4\"><div class=\"wpforms-field-wrapper agencium-form-field\"><label class=\"wpforms-field-label\" for=\"wpforms-6021-field_4\">Sporo\u010dilo<\/label><textarea id=\"wpforms-6021-field_4\" class=\"wpforms-field-medium\" name=\"wpforms[fields][4]\" aria-errormessage=\"wpforms-6021-field_4-error\" ><\/textarea><\/div><\/div><\/div><!-- .wpforms-field-container --><div class=\"wpforms-submit-container\" ><input type=\"hidden\" name=\"wpforms[id]\" value=\"6021\"><input type=\"hidden\" name=\"page_title\" value=\"\"><input type=\"hidden\" name=\"page_url\" value=\"https:\/\/www.w-room.eu\/sl\/wp-json\/wp\/v2\/pages\/6888\"><input type=\"hidden\" name=\"url_referer\" value=\"\"><button type=\"submit\" name=\"wpforms[submit]\" id=\"wpforms-submit-6021\" class=\"wpforms-submit agencium-alter-button\" data-alt-text=\"Sending...\" data-submit-text=\"Send message\" aria-live=\"assertive\" value=\"wpforms-submit\">Po\u0161ljite sporo\u010dilo<svg viewbox=\"0 0 13 20\"><polyline points=\"0.5 19.5 3 19.5 12.5 10 3 0.5\"><\/polyline><\/svg><\/button><\/button><img decoding=\"async\" src=\"https:\/\/www.w-room.eu\/wp-content\/plugins\/wpforms-lite\/assets\/images\/submit-spin.svg\" class=\"wpforms-submit-spinner\" style=\"display: none;\" width=\"26\" height=\"26\" alt=\"Loading\"><\/div><input type=\"hidden\" name=\"trp-form-language\" value=\"sl\"\/><\/form><\/div>  <!-- .wpforms-container -->        <\/div>\n        \t\t\t\t<\/div>\n\t\t\t\t<\/div>\n\t\t\t\t\t<\/div>\n\t\t<\/div>\n\t\t\t\t\t<\/div>\n\t\t<\/section>\n\t\t\t\t<section class=\"elementor-section elementor-top-section elementor-element elementor-element-c826cf8 elementor-section-stretched before-footer-section elementor-section-boxed elementor-section-height-default elementor-section-height-default\" data-id=\"c826cf8\" data-element_type=\"section\" data-settings=\"{&quot;stretch_section&quot;:&quot;section-stretched&quot;}\">\n\t\t\t\t\t\t<div class=\"elementor-container elementor-column-gap-default\">\n\t\t\t\t\t<div class=\"elementor-column elementor-col-25 elementor-top-column elementor-element elementor-element-507f7e7c\" data-id=\"507f7e7c\" data-element_type=\"column\">\n\t\t\t<div class=\"elementor-widget-wrap elementor-element-populated\">\n\t\t\t\t\t\t<div class=\"elementor-element elementor-element-64e7e elementor-widget__width-initial elementor-widget elementor-widget-text-editor\" data-id=\"64e7e\" data-element_type=\"widget\" data-widget_type=\"text-editor.default\">\n\t\t\t\t<div class=\"elementor-widget-container\">\n\t\t\t\t\t\t\t\t\t<p>Naziv nalo\u017ebe: Celovita digitalizacija poslovnih procesov podjetja Workroom Plastic d.o.o.<\/p><p>Operacijo financira Evropska unija, in sicer iz Evropskega sklada za regionalni razvoj.<br \/>Ve\u010d informacij je na voljo na spletni strani:\u00a0<a href=\"http:\/\/www.evropskasredstva.si\/\" target=\"_blank\" rel=\"noopener noreferrer\">www.evropskasredstva.si<\/a><\/p>\t\t\t\t\t\t\t\t<\/div>\n\t\t\t\t<\/div>\n\t\t\t\t\t<\/div>\n\t\t<\/div>\n\t\t\t\t<div class=\"elementor-column elementor-col-50 elementor-top-column elementor-element elementor-element-537acd2d elementor-hidden-tablet_extra elementor-hidden-tablet elementor-hidden-mobile_extra elementor-hidden-mobile elementor-hidden-laptop\" data-id=\"537acd2d\" data-element_type=\"column\">\n\t\t\t<div class=\"elementor-widget-wrap\">\n\t\t\t\t\t\t\t<\/div>\n\t\t<\/div>\n\t\t\t\t<div class=\"elementor-column elementor-col-25 elementor-top-column elementor-element elementor-element-787c1695\" data-id=\"787c1695\" data-element_type=\"column\">\n\t\t\t<div class=\"elementor-widget-wrap elementor-element-populated\">\n\t\t\t\t\t\t<div class=\"elementor-element elementor-element-2b66d835 elementor-widget__width-initial elementor-widget elementor-widget-html\" data-id=\"2b66d835\" data-element_type=\"widget\" data-widget_type=\"html.default\">\n\t\t\t\t<div class=\"elementor-widget-container\">\n\t\t\t\t\t<style>\r\n#footer-galery {\r\n    display: flex;\r\n    align-items: center;\r\n    justify-content: flex-end;\r\n    gap: 20px;\r\n    flex-wrap: nowrap; \/* stay in one row *\/\r\n}\r\n\r\n\/* link wrapper *\/\r\n#footer-galery a {\r\n    flex: 1;\r\n    max-width: 180px;\r\n    display: flex;\r\n    justify-content: center;\r\n}\r\n\r\n\/* images *\/\r\n#footer-galery img {\r\n    width: 100%;\r\n    height: auto;\r\n    object-fit: contain;\r\n    transition: opacity 0.3s ease;\r\n}\r\n\r\n#footer-galery a:hover img {\r\n    opacity: 0.8;\r\n}\r\n\r\n\/* Stack in ONE column on phone *\/\r\n@media (max-width: 767px) {\r\n    #footer-galery {\r\n        flex-direction: column;   \/* stack vertically *\/\r\n        align-items: center;\r\n        justify-content: center;\r\n    }\r\n\r\n    #footer-galery a {\r\n        flex: 0 0 100%;\r\n        max-width: 220px; \/* optional: control image size *\/\r\n        width: 100%;\r\n    }\r\n}\r\n<\/style>\r\n\r\n<div id=\"footer-galery\">\r\n    <a href=\"https:\/\/www.w-room.eu\/sl\/celovita-digitalizacija-poslovnih-procesov-podjetja-workroom-plastic-d-o-o\/\" target=\"_blank\">\r\n        <img decoding=\"async\" src=\"https:\/\/www.w-room.eu\/wp-content\/uploads\/2026\/02\/Bez-naslova.png\" alt=\"\">\r\n    <\/a>\r\n    <a href=\"https:\/\/www.w-room.eu\/sl\/celovita-digitalizacija-poslovnih-procesov-podjetja-workroom-plastic-d-o-o\/\" target=\"_blank\">\r\n        <img decoding=\"async\" src=\"https:\/\/www.w-room.eu\/wp-content\/uploads\/2026\/02\/SL_Co-fundedbytheEU_RGB_POS-scaled.png\" alt=\"\">\r\n    <\/a>\r\n    <a href=\"https:\/\/www.w-room.eu\/sl\/celovita-digitalizacija-poslovnih-procesov-podjetja-workroom-plastic-d-o-o\/\" target=\"_blank\">\r\n        <img decoding=\"async\" src=\"https:\/\/www.w-room.eu\/wp-content\/uploads\/2026\/02\/IFEEL_1.png\" alt=\"\">\r\n    <\/a>\r\n<\/div>\t\t\t\t<\/div>\n\t\t\t\t<\/div>\n\t\t\t\t\t<\/div>\n\t\t<\/div>\n\t\t\t\t\t<\/div>\n\t\t<\/section>\n\t\t\t\t<\/div>","protected":false},"excerpt":{"rendered":"<p>Get in touch Whether you have questions, need more information, or are ready to start a project, feel free to reach out. We\u2019re here to help. Workroom Polica 37, 4202 Naklo, Slovenia Email info@w-room.eu Naziv nalo\u017ebe: Celovita digitalizacija poslovnih procesov podjetja&#8230;<\/p>","protected":false},"author":1,"featured_media":0,"parent":0,"menu_order":0,"comment_status":"closed","ping_status":"closed","template":"","meta":{"inline_featured_image":false,"footnotes":""},"class_list":["post-6888","page","type-page","status-publish","hentry"],"aioseo_notices":[],"_links":{"self":[{"href":"https:\/\/www.w-room.eu\/sl\/wp-json\/wp\/v2\/pages\/6888","targetHints":{"allow":["GET"]}}],"collection":[{"href":"https:\/\/www.w-room.eu\/sl\/wp-json\/wp\/v2\/pages"}],"about":[{"href":"https:\/\/www.w-room.eu\/sl\/wp-json\/wp\/v2\/types\/page"}],"author":[{"embeddable":true,"href":"https:\/\/www.w-room.eu\/sl\/wp-json\/wp\/v2\/users\/1"}],"replies":[{"embeddable":true,"href":"https:\/\/www.w-room.eu\/sl\/wp-json\/wp\/v2\/comments?post=6888"}],"version-history":[{"count":28,"href":"https:\/\/www.w-room.eu\/sl\/wp-json\/wp\/v2\/pages\/6888\/revisions"}],"predecessor-version":[{"id":7436,"href":"https:\/\/www.w-room.eu\/sl\/wp-json\/wp\/v2\/pages\/6888\/revisions\/7436"}],"wp:attachment":[{"href":"https:\/\/www.w-room.eu\/sl\/wp-json\/wp\/v2\/media?parent=6888"}],"curies":[{"name":"wp","href":"https:\/\/api.w.org\/{rel}","templated":true}]}}